{"id":110,"date":"2022-07-06T09:48:40","date_gmt":"2022-07-06T07:48:40","guid":{"rendered":"http:\/\/93.7.96.10\/?page_id=110"},"modified":"2023-10-12T10:46:33","modified_gmt":"2023-10-12T08:46:33","slug":"les-classes-euros","status":"publish","type":"page","link":"https:\/\/www.lycee-pasteur.fr\/?page_id=110","title":{"rendered":"Les classes euros"},"content":{"rendered":"\r\n<h3 class=\"wp-block-heading\">Le lyc\u00e9e propose deux sections\u00a0:<\/h3>\r\n\r\n\r\n\r\n<figure class=\"wp-block-image alignright size-full is-resized is-style-rounded\"><img loading=\"lazy\" decoding=\"async\" class=\"wp-image-111\" src=\"http:\/\/93.7.96.10\/wp-content\/uploads\/2022\/07\/europe.jpg\" alt=\"\" width=\"277\" height=\"184\" \/><\/figure>\r\n\r\n\r\n\r\n<p><br \/>En anglais : une heure avec le professeur de langue vivante et une heure de discipline non linguistique, histoire g\u00e9ographie (en anglais).<br \/>Les apports de la section europ\u00e9enne sont ind\u00e9niables \u00e0 maints \u00e9gards sur le plan p\u00e9dagogique (meilleure relation entre professeurs et \u00e9l\u00e8ves notamment en raison des effectifs r\u00e9duits\u00a0; exigence d\u2019une plus grande rigueur\u00a0; d\u00e9cloisonnement entre les disciplines\u00a0; r\u00e9flexion p\u00e9dagogique renouvel\u00e9e\u00a0; ouverture sur l\u2019Europe et le monde, etc.).<br \/>Les sections europ\u00e9ennes du lyc\u00e9e Pasteur ont d\u00e9j\u00e0 prouv\u00e9 leur dynamisme et leur efficacit\u00e9.<br \/>Dans le cadre de la politique europ\u00e9enne de diversification linguistique qui pr\u00e9conise la ma\u00eetrise de deux langues \u00e9trang\u00e8res, le minist\u00e8re de l&rsquo;\u00c9ducation nationale a mis en place le Plan de r\u00e9novation de l&rsquo;enseignement des langues vivantes. Une des mesures de ce plan a \u00e9t\u00e9 de proposer, pour les \u00e9l\u00e8ves de sections europ\u00e9ennes une certification en langue vivante \u00e9trang\u00e8re adoss\u00e9e au Cadre europ\u00e9en commun de r\u00e9f\u00e9rence pour les langues (CECRL) de niveau B1 avec obtention possible du niveau A2 selon les r\u00e9sultats.<\/p>\r\n","protected":false},"excerpt":{"rendered":"<p>Le lyc\u00e9e propose deux sections\u00a0: En anglais : une heure avec le professeur de langue vivante et une heure de discipline non linguistique, histoire g\u00e9ographie (en anglais).Les apports de la section europ\u00e9enne sont ind\u00e9niables \u00e0 maints \u00e9gards sur le plan p\u00e9dagogique (meilleure relation entre professeurs et \u00e9l\u00e8ves notamment en raison des effectifs r\u00e9duits\u00a0; exigence d\u2019une [&hellip;]<\/p>\n","protected":false},"author":1,"featured_media":0,"parent":0,"menu_order":0,"comment_status":"closed","ping_status":"closed","template":"","meta":{"footnotes":""},"class_list":["post-110","page","type-page","status-publish","hentry"],"blocksy_meta":[],"_links":{"self":[{"href":"https:\/\/www.lycee-pasteur.fr\/index.php?rest_route=\/wp\/v2\/pages\/110","targetHints":{"allow":["GET"]}}],"collection":[{"href":"https:\/\/www.lycee-pasteur.fr\/index.php?rest_route=\/wp\/v2\/pages"}],"about":[{"href":"https:\/\/www.lycee-pasteur.fr\/index.php?rest_route=\/wp\/v2\/types\/page"}],"author":[{"embeddable":true,"href":"https:\/\/www.lycee-pasteur.fr\/index.php?rest_route=\/wp\/v2\/users\/1"}],"replies":[{"embeddable":true,"href":"https:\/\/www.lycee-pasteur.fr\/index.php?rest_route=%2Fwp%2Fv2%2Fcomments&post=110"}],"version-history":[{"count":2,"href":"https:\/\/www.lycee-pasteur.fr\/index.php?rest_route=\/wp\/v2\/pages\/110\/revisions"}],"predecessor-version":[{"id":761,"href":"https:\/\/www.lycee-pasteur.fr\/index.php?rest_route=\/wp\/v2\/pages\/110\/revisions\/761"}],"wp:attachment":[{"href":"https:\/\/www.lycee-pasteur.fr\/index.php?rest_route=%2Fwp%2Fv2%2Fmedia&parent=110"}],"curies":[{"name":"wp","href":"https:\/\/api.w.org\/{rel}","templated":true}]}}