{"id":1177,"date":"2024-06-25T13:48:10","date_gmt":"2024-06-25T11:48:10","guid":{"rendered":"https:\/\/www.lycee-pasteur.fr\/?page_id=1177"},"modified":"2025-03-31T13:49:47","modified_gmt":"2025-03-31T11:49:47","slug":"llcer-anglais","status":"publish","type":"page","link":"https:\/\/www.lycee-pasteur.fr\/?page_id=1177","title":{"rendered":"LLCER (Anglais)"},"content":{"rendered":"<p style=\"text-align: center;\"><a href=\"https:\/\/www.lycee-pasteur.fr\/wp-content\/uploads\/2024\/06\/Les-eleves-de-1ere-LLCER-anglais-presentent._20240622_132528_0000.pdf\" class=\"pdfemb-viewer\" style=\"\" data-width=\"max\" data-height=\"max\" data-toolbar=\"bottom\" data-toolbar-fixed=\"off\">Les \u00e9l\u00e8ves de 1\u00e8re LLCER anglais pr\u00e9sentent..._20240622_132528_0000<\/a><\/p>\n<p>&nbsp;<\/p>\n<p style=\"text-align: center;\"><a href=\"https:\/\/www.lycee-pasteur.fr\/wp-content\/uploads\/2025\/03\/D-DAY-tribute-1.pdf\" class=\"pdfemb-viewer\" style=\"\" data-width=\"max\" data-height=\"max\" data-toolbar=\"bottom\" data-toolbar-fixed=\"off\">D DAY tribute 1<\/a><\/p>\n<p style=\"text-align: center;\"><a href=\"https:\/\/www.lycee-pasteur.fr\/wp-content\/uploads\/2025\/03\/D-Day-tribute-2pdf.pdf\" class=\"pdfemb-viewer\" style=\"\" data-width=\"max\" data-height=\"max\" data-toolbar=\"bottom\" data-toolbar-fixed=\"off\">D Day tribute 2pdf<\/a><\/p>\n<p>&nbsp;<\/p>\n<p style=\"text-align: center;\"><a href=\"https:\/\/www.lycee-pasteur.fr\/wp-content\/uploads\/2025\/03\/in-love-with-Shakespeare-2024.pdf\" class=\"pdfemb-viewer\" style=\"\" data-width=\"max\" data-height=\"max\" data-toolbar=\"bottom\" data-toolbar-fixed=\"off\">in love with Shakespeare 2024<\/a><\/p>\n<p style=\"text-align: center;\"><a href=\"https:\/\/www.lycee-pasteur.fr\/wp-content\/uploads\/2025\/03\/theatre-10-mars-2025.pdf\" class=\"pdfemb-viewer\" style=\"\" data-width=\"max\" data-height=\"max\" data-toolbar=\"bottom\" data-toolbar-fixed=\"off\">th\u00e8\u00e2tre 10 mars 2025<\/a><\/p>\n","protected":false},"excerpt":{"rendered":"<p>&nbsp; &nbsp;<\/p>\n","protected":false},"author":1,"featured_media":0,"parent":0,"menu_order":0,"comment_status":"closed","ping_status":"closed","template":"","meta":{"footnotes":""},"class_list":["post-1177","page","type-page","status-publish","hentry"],"blocksy_meta":[],"_links":{"self":[{"href":"https:\/\/www.lycee-pasteur.fr\/index.php?rest_route=\/wp\/v2\/pages\/1177","targetHints":{"allow":["GET"]}}],"collection":[{"href":"https:\/\/www.lycee-pasteur.fr\/index.php?rest_route=\/wp\/v2\/pages"}],"about":[{"href":"https:\/\/www.lycee-pasteur.fr\/index.php?rest_route=\/wp\/v2\/types\/page"}],"author":[{"embeddable":true,"href":"https:\/\/www.lycee-pasteur.fr\/index.php?rest_route=\/wp\/v2\/users\/1"}],"replies":[{"embeddable":true,"href":"https:\/\/www.lycee-pasteur.fr\/index.php?rest_route=%2Fwp%2Fv2%2Fcomments&post=1177"}],"version-history":[{"count":3,"href":"https:\/\/www.lycee-pasteur.fr\/index.php?rest_route=\/wp\/v2\/pages\/1177\/revisions"}],"predecessor-version":[{"id":1368,"href":"https:\/\/www.lycee-pasteur.fr\/index.php?rest_route=\/wp\/v2\/pages\/1177\/revisions\/1368"}],"wp:attachment":[{"href":"https:\/\/www.lycee-pasteur.fr\/index.php?rest_route=%2Fwp%2Fv2%2Fmedia&parent=1177"}],"curies":[{"name":"wp","href":"https:\/\/api.w.org\/{rel}","templated":true}]}}