{"id":130,"date":"2022-07-06T10:29:11","date_gmt":"2022-07-06T08:29:11","guid":{"rendered":"http:\/\/93.7.96.10\/?page_id=130"},"modified":"2022-07-06T10:29:11","modified_gmt":"2022-07-06T08:29:11","slug":"le-bac-stl","status":"publish","type":"page","link":"https:\/\/www.lycee-pasteur.fr\/?page_id=130","title":{"rendered":"Le bac STL"},"content":{"rendered":"\n<h2 class=\"wp-block-heading\">Le bac STL : sp\u00e9cialit\u00e9 sciences physiques et chimiques en laboratoire<\/h2>\n\n\n\n<p>Le Bac STL (Sciences et Technologies de Laboratoire) sp\u00e9cialit\u00e9 sciences physiques et chimiques en laboratoire est un Bac s\u2019adressant \u00e0 ceux qui souhaitent effectuer des \u00e9tudes scientifiques dans les domaines de la physique, la chimie, la biochimie&#8230;<\/p>\n\n\n\n<p>Le Bac STL est d\u00e9di\u00e9 aux sciences telles que la physique ou la chimie, et vous permet de mettre directement en pratique des connaissances scientifiques et techniques, mais \u00e9galement de r\u00e9aliser beaucoup de Travaux Pratiques<\/p>\n\n\n\n<p>L\u2019objectif est d\u2019\u00eatre mieux pr\u00e9par\u00e9 aux \u00e9tudes sup\u00e9rieures.<\/p>\n\n\n\n<p class=\"has-text-align-left\">Le Baccalaur\u00e9at Sciences et technologies de\u00a0laboratoire s\u2019adresse \u00e0 ceux qui souhaitent\u00a0une approche exp\u00e9rimentale des sciences.\u00a0<br>\u00a0<br>Avec 10 h d\u2019enseignement exp\u00e9rimental, en\u00a0groupes \u00e0 effectifs r\u00e9duit, par semaine, la\u00a0formation privil\u00e9gie la transmission des\u00a0connaissances \u00e0 l\u2019aide de manipulations\u00a0r\u00e9alis\u00e9es seul ou en bin\u00f4me.\u00a0<br>\u00a0<br>L\u2019enseignement des math\u00e9matiques est\u00a0fortement associ\u00e9 \u00e0 l\u2019apprentissage.\u00a0<br>\u00a0<br>L\u2019objectif est d\u2019accompagner les \u00e9l\u00e8ves vers\u00a0des \u00e9tudes \u00e0 vocation scientifique et technique.\u00a0<br>\u00a0<br>Un enseignement des sciences en anglais, au\u00a0travers de l\u2019ETLV et de l\u2019option euro, est un\u00a0atout suppl\u00e9mentaire pour la poursuite des\u00a0\u00e9tudes et l\u2019activit\u00e9 professionnelle.\u00a0<\/p>\n\n\n\n<figure class=\"wp-block-image alignright size-full is-style-rounded\"><img loading=\"lazy\" decoding=\"async\" width=\"361\" height=\"401\" src=\"http:\/\/93.7.96.10\/wp-content\/uploads\/2022\/07\/stl.jpg\" alt=\"\" class=\"wp-image-131\" srcset=\"https:\/\/www.lycee-pasteur.fr\/wp-content\/uploads\/2022\/07\/stl.jpg 361w, https:\/\/www.lycee-pasteur.fr\/wp-content\/uploads\/2022\/07\/stl-270x300.jpg 270w\" sizes=\"auto, (max-width: 361px) 100vw, 361px\" \/><\/figure>\n\n\n\n<h3 class=\"wp-block-heading\">Profil requis<\/h3>\n\n\n\n<p>Il faut principalement aimer la physique et la chimie pour suivre ce bac. L\u2019autonomie et la curiosit\u00e9 sont des atouts pour cette voie. Un niveau satisfaisant dans les disciplines scientifiques est demand\u00e9, mais aussi beaucoup de rigueur, de soin, de m\u00e9thode et de curiosit\u00e9 scientifique.<\/p>\n\n\n\n<p>La formation privil\u00e9gie l\u2019apprentissage par la pratique.<\/p>\n\n\n\n<p>Poursuite d\u2019\u00e9tudes<\/p>\n\n\n\n<p>Les <strong>Sections de Techniciens Sup\u00e9rieurs <\/strong>(2 ann\u00e9es post bac) : Chimiste ; Production textile ; traitement des mat\u00e9riaux ; hygi\u00e8ne, propret\u00e9, environnement ; di\u00e9t\u00e9tique, peinture, encres, adh\u00e9sifs ; analyses agricoles, m\u00e9tiers de l\u2019eau ; biologiques et biotechnologiques ; esth\u00e9tique cosm\u00e9tique, pr\u00e9parateurs en pharmacie\u2026<\/p>\n\n\n\n<p>Les<strong> Instituts Universitaires de Technologie<\/strong> (2 ann\u00e9es post bac) :<\/p>\n\n\n\n<ul class=\"wp-block-list\"><li>DUT de chimie<\/li><li>DUT g\u00e9nie chimique<\/li><li>DUT G\u00e9nie biologique<\/li><li>DUT Hygi\u00e8ne et s\u00e9curit\u00e9 environnement<\/li><\/ul>\n\n\n\n<p>Les<strong> classes pr\u00e9paratoires aux grandes \u00e9coles<\/strong> (5 ann\u00e9es post bac)<\/p>\n","protected":false},"excerpt":{"rendered":"<p>Le bac STL : sp\u00e9cialit\u00e9 sciences physiques et chimiques en laboratoire Le Bac STL (Sciences et Technologies de Laboratoire) sp\u00e9cialit\u00e9 sciences physiques et chimiques en laboratoire est un Bac s\u2019adressant \u00e0 ceux qui souhaitent effectuer des \u00e9tudes scientifiques dans les domaines de la physique, la chimie, la biochimie&#8230; Le Bac STL est d\u00e9di\u00e9 aux sciences [&hellip;]<\/p>\n","protected":false},"author":1,"featured_media":0,"parent":0,"menu_order":0,"comment_status":"closed","ping_status":"closed","template":"","meta":{"footnotes":""},"class_list":["post-130","page","type-page","status-publish","hentry"],"blocksy_meta":[],"_links":{"self":[{"href":"https:\/\/www.lycee-pasteur.fr\/index.php?rest_route=\/wp\/v2\/pages\/130","targetHints":{"allow":["GET"]}}],"collection":[{"href":"https:\/\/www.lycee-pasteur.fr\/index.php?rest_route=\/wp\/v2\/pages"}],"about":[{"href":"https:\/\/www.lycee-pasteur.fr\/index.php?rest_route=\/wp\/v2\/types\/page"}],"author":[{"embeddable":true,"href":"https:\/\/www.lycee-pasteur.fr\/index.php?rest_route=\/wp\/v2\/users\/1"}],"replies":[{"embeddable":true,"href":"https:\/\/www.lycee-pasteur.fr\/index.php?rest_route=%2Fwp%2Fv2%2Fcomments&post=130"}],"version-history":[{"count":1,"href":"https:\/\/www.lycee-pasteur.fr\/index.php?rest_route=\/wp\/v2\/pages\/130\/revisions"}],"predecessor-version":[{"id":132,"href":"https:\/\/www.lycee-pasteur.fr\/index.php?rest_route=\/wp\/v2\/pages\/130\/revisions\/132"}],"wp:attachment":[{"href":"https:\/\/www.lycee-pasteur.fr\/index.php?rest_route=%2Fwp%2Fv2%2Fmedia&parent=130"}],"curies":[{"name":"wp","href":"https:\/\/api.w.org\/{rel}","templated":true}]}}