{"id":135,"date":"2022-07-06T10:34:22","date_gmt":"2022-07-06T08:34:22","guid":{"rendered":"http:\/\/93.7.96.10\/?page_id=135"},"modified":"2022-12-15T13:32:33","modified_gmt":"2022-12-15T12:32:33","slug":"cap-electricien","status":"publish","type":"page","link":"https:\/\/www.lycee-pasteur.fr\/?page_id=135","title":{"rendered":"CAP \u00e9lectricien"},"content":{"rendered":"\r\n<p>Vous aimez travailler dans le domaine de l\u2019\u00e9lectricit\u00e9 tel que la r\u00e9alisation, les modifications d\u2019installations \u00e9lectriques \u00e0 partir de plans ou sch\u00e9mas.<\/p>\r\n\r\n\r\n\r\n<p>Vous pr\u00e9f\u00e9rez la pratique \u00e0 la th\u00e9orie, vous avez envie de travailler rapidement et donc d\u2019obtenir une qualification professionnelle reconnue par le monde du travail en 2 ans.<\/p>\r\n\r\n\r\n\r\n<p>Alors le CAP \u00c9lectricien<strong> est le dipl\u00f4me qu\u2019il vous faut !<\/strong><\/p>\r\n\r\n\r\n\r\n<figure class=\"wp-block-image alignleft is-resized is-style-rounded\"><img loading=\"lazy\" decoding=\"async\" src=\"https:\/\/www.lycee-pasteur.fr\/images\/pasteur-62\/formations\/ensignement-pro\/capelec.jpg\" alt=\"CAP PROE LYCEE PASTEUR ACAD\u00c9MIE LILLE\" width=\"438\" height=\"437\" \/><\/figure>\r\n\r\n\r\n\r\n<h3 class=\"wp-block-heading\">La formation<\/h3>\r\n\r\n\r\n\r\n<p>La formation est compos\u00e9e de mati\u00e8res g\u00e9n\u00e9rales telles que\u00a0 expression fran\u00e7aise, math\u00e9matiques, sciences physiques, pr\u00e9vention sant\u00e9 et environnement, EPS et langue vivante \u00e9trang\u00e8re \u00bb et d\u2019un enseignement professionnel comprenant 3 parties :<\/p>\r\n\r\n\r\n\r\n<ul class=\"wp-block-list\">\r\n<li>Expression technologique qui permet de mobiliser les connaissances en technologies, sch\u00e9ma et dessin technique,<\/li>\r\n<li>Intervention technique qui permet de mobiliser les savoirs et savoir-faire sur les activit\u00e9s de r\u00e9alisation,<\/li>\r\n<li>exp\u00e9rimentation scientifique et technique qui permet de mobiliser les savoirs et savoir-faire au service de l\u2019exp\u00e9rimentation et la justification des lois de l\u2019\u00e9lectrotechnique.<\/li>\r\n<\/ul>\r\n\r\n\r\n\r\n<h3 class=\"wp-block-heading\">Les p\u00e9riodes en entreprise<\/h3>\r\n\r\n\r\n\r\n<figure class=\"wp-block-image alignright size-full is-resized is-style-rounded\"><img loading=\"lazy\" decoding=\"async\" class=\"wp-image-136\" src=\"http:\/\/93.7.96.10\/wp-content\/uploads\/2022\/07\/image.png\" alt=\"\" width=\"406\" height=\"493\" srcset=\"https:\/\/www.lycee-pasteur.fr\/wp-content\/uploads\/2022\/07\/image.png 400w, https:\/\/www.lycee-pasteur.fr\/wp-content\/uploads\/2022\/07\/image-247x300.png 247w\" sizes=\"auto, (max-width: 406px) 100vw, 406px\" \/><\/figure>\r\n\r\n\r\n\r\n<p>La dur\u00e9e de la p\u00e9riode de formation en milieu professionnel est de 12 semaines sur un cycle de deux ans. Cette p\u00e9riode est organis\u00e9e en 6 semaines au cours de la premi\u00e8re ann\u00e9e et 6 semaines au cours de la seconde ann\u00e9e.<\/p>\r\n\r\n\r\n\r\n<p><strong>Domaines de comp\u00e9tence et cadre d\u2019intervention : <\/strong>L\u2019\u00e9lectricien agit dans diff\u00e9rents secteurs tels que l\u2019habitat individuel ou collectif, les locaux tertiaires ou artisanaux, les \u00e9tablissements recevant du public, les entreprises et exploitations agricoles, les b\u00e2timents industriels.<\/p>\r\n\r\n\r\n\r\n<p><strong>D\u00e9bouch\u00e9s : <\/strong>Ce dipl\u00f4me permet de travailler tout de suite. La majorit\u00e9 des titulaires du CAP entre directement dans la vie professionnelle. Les meilleurs peuvent poursuivre les \u00e9tudes dans la voie professionnelle telle que le Baccalaur\u00e9at Professionnel dans les domaines de m\u00eame nature comme l\u2019\u00e9lectrotechnique.<\/p>\r\n","protected":false},"excerpt":{"rendered":"<p>Vous aimez travailler dans le domaine de l\u2019\u00e9lectricit\u00e9 tel que la r\u00e9alisation, les modifications d\u2019installations \u00e9lectriques \u00e0 partir de plans ou sch\u00e9mas. Vous pr\u00e9f\u00e9rez la pratique \u00e0 la th\u00e9orie, vous avez envie de travailler rapidement et donc d\u2019obtenir une qualification professionnelle reconnue par le monde du travail en 2 ans. Alors le CAP \u00c9lectricien est [&hellip;]<\/p>\n","protected":false},"author":1,"featured_media":0,"parent":0,"menu_order":0,"comment_status":"closed","ping_status":"closed","template":"","meta":{"footnotes":""},"class_list":["post-135","page","type-page","status-publish","hentry"],"blocksy_meta":[],"_links":{"self":[{"href":"https:\/\/www.lycee-pasteur.fr\/index.php?rest_route=\/wp\/v2\/pages\/135","targetHints":{"allow":["GET"]}}],"collection":[{"href":"https:\/\/www.lycee-pasteur.fr\/index.php?rest_route=\/wp\/v2\/pages"}],"about":[{"href":"https:\/\/www.lycee-pasteur.fr\/index.php?rest_route=\/wp\/v2\/types\/page"}],"author":[{"embeddable":true,"href":"https:\/\/www.lycee-pasteur.fr\/index.php?rest_route=\/wp\/v2\/users\/1"}],"replies":[{"embeddable":true,"href":"https:\/\/www.lycee-pasteur.fr\/index.php?rest_route=%2Fwp%2Fv2%2Fcomments&post=135"}],"version-history":[{"count":2,"href":"https:\/\/www.lycee-pasteur.fr\/index.php?rest_route=\/wp\/v2\/pages\/135\/revisions"}],"predecessor-version":[{"id":320,"href":"https:\/\/www.lycee-pasteur.fr\/index.php?rest_route=\/wp\/v2\/pages\/135\/revisions\/320"}],"wp:attachment":[{"href":"https:\/\/www.lycee-pasteur.fr\/index.php?rest_route=%2Fwp%2Fv2%2Fmedia&parent=135"}],"curies":[{"name":"wp","href":"https:\/\/api.w.org\/{rel}","templated":true}]}}