{"id":138,"date":"2022-07-06T10:45:58","date_gmt":"2022-07-06T08:45:58","guid":{"rendered":"http:\/\/93.7.96.10\/?page_id=138"},"modified":"2023-02-01T17:02:09","modified_gmt":"2023-02-01T16:02:09","slug":"la-seconde-professionnelle","status":"publish","type":"page","link":"https:\/\/www.lycee-pasteur.fr\/?page_id=138","title":{"rendered":"LA SECONDE\u00a0 PROFESSIONNELLE"},"content":{"rendered":"\r\n<p>La seconde professionnelle sera organis\u00e9e par familles de m\u00e9tiers dans la plupart des domaines. Chacune d\u2019entre elles regroupant plusieurs sp\u00e9cialit\u00e9s du bac professionnel. Une mesure destin\u00e9e \u00e0 donner le temps et les connaissances n\u00e9cessaires pour choisir son m\u00e9tier.<\/p>\r\n\r\n\r\n\r\n<p>En choisissant l&rsquo;une de ces neuf familles de m\u00e9tiers, votre enfant entrera dans une Seconde professionnelle commune \u00e0 plusieurs sp\u00e9cialit\u00e9s de bacs professionnels.<br>Cette nouvelle organisation lui permettra d&rsquo;acqu\u00e9rir les premi\u00e8res comp\u00e9tences professionnelles utiles dans un secteur, et lui laissera le temps de choisir la sp\u00e9cialit\u00e9 de son bac \u00e0 la fin de son ann\u00e9e de Seconde.<\/p>\r\n\r\n\r\n\r\n<p>Au lyc\u00e9e Pasteur&nbsp; trois&nbsp; familles de m\u00e9tiers&nbsp; peuvent&nbsp; \u00eatre abord\u00e9es.<\/p>\r\n\r\n\r\n\r\n<p>L\u2019orientation s\u2019effectue progressivement pendant l\u2019ann\u00e9e de seconde :<\/p>\r\n\r\n\r\n\r\n<p>=&gt;&nbsp;Pour l\u2019entr\u00e9e en seconde,&nbsp;tu choisis une famille de m\u00e9tiers&nbsp;qui correspond au mieux \u00e0 tes envies.<br>=&gt;&nbsp;Pendant l\u2019ann\u00e9e de seconde&nbsp;tu affines ton choix, en d\u00e9couvrant les sp\u00e9cialit\u00e9s associ\u00e9es \u00e0 cette famille de m\u00e9tiers (baccalaur\u00e9ats professionnels associ\u00e9s).<br>=&gt;&nbsp;A la fin de l\u2019ann\u00e9e de seconde,&nbsp;tu t\u2019orientes vers la sp\u00e9cialit\u00e9 choisie, soit la pr\u00e9paration au bac professionnel pour lequel tu sera inscrit en premi\u00e8re.<\/p>\r\n\r\n\r\n\r\n<h3 class=\"wp-block-heading\"><img decoding=\"async\" alt=\"\" src=\"https:\/\/www.lycee-pasteur.fr\/images\/pasteur-62\/formations\/ensignement-pro\/Schema-parcours-professionnel-en-famille-de-metiers-choix-de-la-specialite.png\"><\/h3>\r\n\r\n\r\n\r\n<h3 class=\"wp-block-heading\"><mark style=\"background-color:#7bdcb5\" class=\"has-inline-color has-black-color\">M\u00e9tiers des \u00c9tudes et de la Mod\u00e9lisation Num\u00e9rique du B\u00e2timent<\/mark><\/h3>\r\n\r\n\r\n\r\n<figure class=\"wp-block-image alignright size-full is-resized is-style-rounded\"><img decoding=\"async\" src=\"https:\/\/lycee-pasteur.fr\/wp-content\/uploads\/2022\/07\/decoupe2-2MENB.png\" alt=\"\" class=\"wp-image-139\" width=\"-208\" height=\"-122\" srcset=\"https:\/\/www.lycee-pasteur.fr\/wp-content\/uploads\/2022\/07\/decoupe2-2MENB.png 706w, https:\/\/www.lycee-pasteur.fr\/wp-content\/uploads\/2022\/07\/decoupe2-2MENB-300x177.png 300w\" sizes=\"(max-width: 706px) 100vw, 706px\" \/><\/figure>\r\n\r\n\r\n\r\n<p>Les enjeux de la famille des m\u00e9tiers des \u00e9tudes et de la mod\u00e9lisation num\u00e9rique du b\u00e2timent Cette famille de m\u00e9tiers couvre les activit\u00e9s de la ma\u00eetrise d\u2019ouvrage, ma\u00eetrise d\u2019\u0153uvre, des \u00e9tudes topographiques et techniques ainsi que celles des entreprises de l\u2019ensemble des corps d\u2019\u00e9tat du b\u00e2timent. Les m\u00e9tiers des \u00e9tudes et de la mod\u00e9lisation num\u00e9rique du b\u00e2timent \u00e9voluent tr\u00e8s fortement. Les diff\u00e9rentes t\u00e2ches professionnelles et les comp\u00e9tences fondamentales sont modifi\u00e9es par les transitions \u00e9cologique et num\u00e9rique, les transformations digitales, qui induisent des changements importants dans les diff\u00e9rentes phases de l\u2019acte de construire : du lev\u00e9 de terrain \u00e0 la r\u00e9ception des travaux. En lien avec le d\u00e9veloppement de la d\u00e9marche BIM collaborative (ou des jumeaux num\u00e9riques), l\u2019utilisation des outils num\u00e9riques et des logiciels professionnels se syst\u00e9matise. Les diff\u00e9rents niveaux de d\u00e9veloppement (ND2, ND3\u2026) du BIM serviront de rep\u00e8res \u00e0 la formation au travail collaboratif. Les supports d\u2019information utilis\u00e9s sont vari\u00e9s, tablettes et tables tactiles, supports digitaux avec des affichages immersifs 3D, casques \u00e0 affichage en r\u00e9alit\u00e9 augment\u00e9e, relev\u00e9 et contr\u00f4le de la qualit\u00e9 par scanners, GNSS et drones\u2026 Par ailleurs, tout acte de construction ou de r\u00e9novation doit s\u2019inscrire d\u00e9sormais dans une d\u00e9marche de d\u00e9veloppement durable.Tout projet sera d\u00e9velopp\u00e9 au sens de l\u2019\u00e9conomie circulaire et contribuera \u00e0 la responsabilisation des \u00e9l\u00e8ves face aux enjeux de la transition \u00e9cologique. L\u2019\u00e9volution rapide de cet environnement professionnel num\u00e9rique impose une veille technologique permanente afin de maintenir des formations pertinentes en ad\u00e9quation avec les emplois de ce secteur.&nbsp;<\/p>\r\n\r\n\r\n\r\n<p>La 2de professionnelle&nbsp;<strong>m\u00e9tiers des \u00e9tudes et de la mod\u00e9lisation num\u00e9rique du b\u00e2timent&nbsp;<\/strong>regroupe les m\u00e9tiers concern\u00e9s par 4 grandes comp\u00e9tences professionnelles communes aux 3 sp\u00e9cialit\u00e9s de baccalaur\u00e9at professionnel :&nbsp;<\/p>\r\n\r\n\r\n\r\n<p>L&rsquo;\u00e9l\u00e8ve de cette 2de professionnelle pourra acqu\u00e9rir des comp\u00e9tences communes portant sur les capacit\u00e9s suivantes :<\/p>\r\n\r\n\r\n\r\n<ul class=\"wp-block-list\"><li>S&rsquo;informer, communiquer : participer \u00e0 un collectif de travail, collecter et g\u00e9rer des informations, \u00e9laborer un document, utiliser les outils de communication&#8230;<\/li><li>Analyser et pr\u00e9parer : analyser un dossier, proposer une solution \u00e0 un probl\u00e8me identifi\u00e9 ou \u00e9laborer une m\u00e9thode&#8230;<\/li><li>Produire : effectuer un relev\u00e9 d&rsquo;ouvrages, effectuer des mesures, r\u00e9aliser des documents graphiques (dont DAO), conduire un calcul ou r\u00e9aliser un devis estimatif&#8230;<\/li><li>Contr\u00f4ler : suivre la gestion du mat\u00e9riel ou la gestion \u00e9conomique du chantier, du projet ; v\u00e9rifier la conformit\u00e9 de sa prestation ou de l&rsquo;ouvrage&#8230;.<\/li><li>&nbsp;<\/li><\/ul>\r\n\r\n\r\n\r\n<h5 class=\"wp-block-heading\">LES&nbsp; FORMATIONS&nbsp; ACCESSIBLES APRES&nbsp; LA SECONDE<\/h5>\r\n\r\n\r\n\r\n<ul class=\"wp-block-list\"><li><a rel=\"noreferrer noopener\" href=\"https:\/\/www.onisep.fr\/Ressources\/Univers-Formation\/Formations\/Lycees\/bac-pro-technicien-d-etudes-du-batiment-option-a-etudes-et-economie\" target=\"_blank\">Technicien d\u2019\u00e9tudes du b\u00e2timent option A \u00e9tudes et \u00e9conomie\u00a0<\/a>\u00a0 \u00a0(\u00a0 au\u00a0 lyc\u00e9e\u00a0 pasteur )<\/li><li><a href=\"https:\/\/www.onisep.fr\/Ressources\/Univers-Formation\/Formations\/Lycees\/bac-pro-technicien-d-etudes-du-batiment-option-b-assistant-en-architecture\">Technicien d\u2019\u00e9tudes du b\u00e2timent option B assistant en architecture<\/a><\/li><li><a rel=\"noreferrer noopener\" href=\"https:\/\/www.onisep.fr\/Ressources\/Univers-Formation\/Formations\/Lycees\/bac-pro-technicien-geometre-topographe\" target=\"_blank\">Technicien g\u00e9om\u00e8tre-topographe<\/a>\u00a0 \u00a0(\u00a0 au lyc\u00e9e\u00a0 pasteur )<\/li><\/ul>\r\n\r\n\r\n\r\n<p><\/p>\r\n\r\n\r\n\r\n<h3 class=\"wp-block-heading\"><mark style=\"background-color:#7bdcb5\" class=\"has-inline-color has-black-color\">M\u00e9tiers du num\u00e9rique et de la transition \u00e9nerg\u00e9tiqu<strong>e<\/strong><\/mark><\/h3>\r\n\r\n\r\n\r\n<p>Elle ouvre vers les M\u00e9tiers du Num\u00e9rique et de la gestion de l\u2019\u00c9nergie.<\/p>\r\n\r\n\r\n\r\n<p>Elle repr\u00e9sente un corps de m\u00e9tier compos\u00e9 des \u00e9lectriciens, informaticiens et des techniciens r\u00e9seaux.<\/p>\r\n\r\n\r\n\r\n<figure class=\"wp-block-image\"><img decoding=\"async\" src=\"https:\/\/www.lycee-pasteur.fr\/images\/pasteur-62\/formations\/ensignement-pro\/decoupe1-seconde-metiers-de-la-transition-energetoique.png\" alt=\"\"\/><\/figure>\r\n\r\n\r\n\r\n<ul class=\"wp-block-list\"><li><a rel=\"noreferrer noopener\" href=\"https:\/\/www.onisep.fr\/Ressources\/Univers-Formation\/Formations\/Lycees\/bac-pro-metiers-de-l-electricite-et-de-ses-environnements-connectes\" target=\"_blank\">M\u00e9tiers de l\u2019\u00e9lectricit\u00e9 et de ses environnements connect\u00e9s<\/a>\u00a0 \u00a0(\u00a0 au\u00a0 lyc\u00e9e\u00a0 Pasteur )\u00a0<\/li><li>Syst\u00e8mes num\u00e9riques\u00a0<a href=\"https:\/\/www.onisep.fr\/Ressources\/Univers-Formation\/Formations\/Lycees\/bac-pro-systemes-numeriques-option-a-surete-et-securite-des-infrastructures-de-l-habitat-et-du-tertiaire\">option A s\u00fbret\u00e9 et s\u00e9curit\u00e9 des infrastructures, de l\u2019habitat et du tertiaire<\/a><\/li><li>Syst\u00e8mes num\u00e9riques\u00a0<a href=\"https:\/\/www.onisep.fr\/Ressources\/Univers-Formation\/Formations\/Lycees\/bac-pro-systemes-numeriques-option-b-audiovisuels-reseau-et-equipement-domestiques\">option B audiovisuels, r\u00e9seau et \u00e9quipement domestiques<\/a>\u00a0<\/li><li>Syst\u00e8mes num\u00e9riques\u00a0<a href=\"https:\/\/www.onisep.fr\/Ressources\/Univers-Formation\/Formations\/Lycees\/bac-pro-systemes-numeriques-option-c-reseaux-informatiques-et-systemes-communicants\">option C r\u00e9seaux informatiques et syst\u00e8mes communicants<\/a><\/li><li>Technicien en installation des syst\u00e8mes \u00e9nerg\u00e9tiques et climatiques<\/li><li><a href=\"https:\/\/www.onisep.fr\/Ressources\/Univers-Formation\/Formations\/Lycees\/bac-pro-technicien-de-maintenance-des-systemes-energetiques-et-climatiques\">Technicien de maintenance des syst\u00e8mes \u00e9nerg\u00e9tiques et climatiques<\/a><\/li><li><a href=\"https:\/\/www.onisep.fr\/Ressources\/Univers-Formation\/Formations\/Lycees\/bac-pro-technicien-du-froid-et-du-conditionnement-d-air\">Technicien du froid et du conditionnement d\u2019air<\/a><\/li><\/ul>\r\n\r\n\r\n\r\n<h3 class=\"wp-block-heading\"><mark style=\"background-color:#7bdcb5\" class=\"has-inline-color has-black-color\">M\u00e9tiers du pilotage et de la maintenance\u00a0 d&rsquo;installation automatis\u00e9es<\/mark><\/h3>\r\n\r\n\r\n\r\n<p>Une famille de m\u00e9tiers \u00e0 dominante industrielle, en lien avec&nbsp;la maintenance et le pilotage de proc\u00e9d\u00e9s de fabrication automatis\u00e9s (domaines vari\u00e9s impliquant des machines outils et des robots connect\u00e9s: production de m\u00e9dicaments, m\u00e9tallurgie, bois, plastique, textiles\u2026)<\/p>\r\n\r\n\r\n\r\n<p>Suite \u00e0 cette famille de m\u00e9tiers, vous pouvez acc\u00e9der en premi\u00e8re au :<\/p>\r\n\r\n\r\n\r\n<ul class=\"wp-block-list\"><li><a rel=\"noreferrer noopener\" href=\"https:\/\/www.onisep.fr\/Ressources\/Univers-Formation\/Formations\/Lycees\/bac-pro-maintenance-des-equipements-industriels-futur-bac-pro-maintenance-des-systemes-de-production-connectes-a-la-rentree-2021\" target=\"_blank\">Maintenance des syst\u00e8mes de productions connect\u00e9s<\/a>\u00a0 \u00a0 (\u00a0 rentr\u00e9e\u00a0 2021\u00a0 au lyc\u00e9e\u00a0 Pasteur)<\/li><li><a href=\"https:\/\/www.onisep.fr\/Ressources\/Univers-Formation\/Formations\/Lycees\/bac-pro-pilote-de-ligne-de-production\">Pilote de ligne de production<\/a><\/li><li><a href=\"https:\/\/www.onisep.fr\/Ressources\/Univers-Formation\/Formations\/Lycees\/bac-pro-procedes-de-la-chimie-de-l-eau-et-des-papiers-cartons\">Proc\u00e9d\u00e9s de la chimie, de l\u2019eau et des papiers-cartons<\/a><\/li><li><a href=\"https:\/\/www.onisep.fr\/Ressources\/Univers-Formation\/Formations\/Lycees\/bac-pro-technicien-de-scierie\">Technicien de scierie<\/a><\/li><\/ul>\r\n\r\n\r\n\r\n<figure class=\"wp-block-embed is-type-video is-provider-youtube wp-block-embed-youtube wp-embed-aspect-16-9 wp-has-aspect-ratio\"><div class=\"wp-block-embed__wrapper\">\r\nhttps:\/\/youtu.be\/N0tnFyZC4bs\r\n<\/div><\/figure>\r\n\r\n\r\n\r\n<figure class=\"wp-block-embed is-type-video is-provider-youtube wp-block-embed-youtube wp-embed-aspect-16-9 wp-has-aspect-ratio\"><div class=\"wp-block-embed__wrapper\">\r\nhttps:\/\/youtu.be\/emkxOjiGOwo\r\n<\/div><\/figure>\r\n","protected":false},"excerpt":{"rendered":"<p>La seconde professionnelle sera organis\u00e9e par familles de m\u00e9tiers dans la plupart des domaines. Chacune d\u2019entre elles regroupant plusieurs sp\u00e9cialit\u00e9s du bac professionnel. Une mesure destin\u00e9e \u00e0 donner le temps et les connaissances n\u00e9cessaires pour choisir son m\u00e9tier. En choisissant l&rsquo;une de ces neuf familles de m\u00e9tiers, votre enfant entrera dans une Seconde professionnelle commune [&hellip;]<\/p>\n","protected":false},"author":1,"featured_media":0,"parent":0,"menu_order":0,"comment_status":"closed","ping_status":"closed","template":"","meta":{"footnotes":""},"class_list":["post-138","page","type-page","status-publish","hentry"],"blocksy_meta":[],"_links":{"self":[{"href":"https:\/\/www.lycee-pasteur.fr\/index.php?rest_route=\/wp\/v2\/pages\/138","targetHints":{"allow":["GET"]}}],"collection":[{"href":"https:\/\/www.lycee-pasteur.fr\/index.php?rest_route=\/wp\/v2\/pages"}],"about":[{"href":"https:\/\/www.lycee-pasteur.fr\/index.php?rest_route=\/wp\/v2\/types\/page"}],"author":[{"embeddable":true,"href":"https:\/\/www.lycee-pasteur.fr\/index.php?rest_route=\/wp\/v2\/users\/1"}],"replies":[{"embeddable":true,"href":"https:\/\/www.lycee-pasteur.fr\/index.php?rest_route=%2Fwp%2Fv2%2Fcomments&post=138"}],"version-history":[{"count":3,"href":"https:\/\/www.lycee-pasteur.fr\/index.php?rest_route=\/wp\/v2\/pages\/138\/revisions"}],"predecessor-version":[{"id":468,"href":"https:\/\/www.lycee-pasteur.fr\/index.php?rest_route=\/wp\/v2\/pages\/138\/revisions\/468"}],"wp:attachment":[{"href":"https:\/\/www.lycee-pasteur.fr\/index.php?rest_route=%2Fwp%2Fv2%2Fmedia&parent=138"}],"curies":[{"name":"wp","href":"https:\/\/api.w.org\/{rel}","templated":true}]}}