{"id":141,"date":"2022-07-06T10:50:03","date_gmt":"2022-07-06T08:50:03","guid":{"rendered":"http:\/\/93.7.96.10\/?page_id=141"},"modified":"2022-07-06T11:13:15","modified_gmt":"2022-07-06T09:13:15","slug":"lenseignement-professionnel-au-lycee-pasteur","status":"publish","type":"page","link":"https:\/\/www.lycee-pasteur.fr\/?page_id=141","title":{"rendered":"L&rsquo;enseignement professionnel au lyc\u00e9e Pasteur"},"content":{"rendered":"\n<figure class=\"wp-block-image alignright size-full is-style-rounded\"><img loading=\"lazy\" decoding=\"async\" width=\"552\" height=\"255\" src=\"http:\/\/93.7.96.10\/wp-content\/uploads\/2022\/07\/enspro.jpg\" alt=\"\" class=\"wp-image-144\" srcset=\"https:\/\/www.lycee-pasteur.fr\/wp-content\/uploads\/2022\/07\/enspro.jpg 552w, https:\/\/www.lycee-pasteur.fr\/wp-content\/uploads\/2022\/07\/enspro-300x139.jpg 300w\" sizes=\"auto, (max-width: 552px) 100vw, 552px\" \/><\/figure>\n\n\n\n<p>Vous souhaitez faire des \u00e9tudes courtes, professionnalisantes, afin d\u2019int\u00e9grer rapidement le march\u00e9 de l\u2019emploi\u00a0? La fili\u00e8re professionnelle est faite pour vous. Plusieurs niveaux de dipl\u00f4mes existent, du CAP au bac pro. Il est m\u00eame possible de poursuivre dans l\u2019enseignement sup\u00e9rieur .<\/p>\n\n\n\n<p>Ces formations se d\u00e9clinent dans de nombreux secteurs et sp\u00e9cialit\u00e9s, de l\u2019agroalimentaire \u00e0 l\u2019industrie en passant par les services \u00e0 la personne ou l\u2019artisanat. L\u2019enseignement professionnel se d\u00e9marque de l\u2019enseignement g\u00e9n\u00e9ral par son c\u00f4t\u00e9 professionnalisant&nbsp;: chaque formation comprend en effet des enseignements techniques et des p\u00e9riodes de stages en entreprise. Il est \u00e9galement possible d\u2019effectuer sa formation en <a href=\"http:\/\/www.studyrama.com\/formations\/alternance-apprentissage\/apprentissage-contrat-pro-stage-alterne-les\/\">apprentissage<\/a>. Au Lyc\u00e9e Pasteur&nbsp; nous&nbsp; proposons ces&nbsp; formations dans&nbsp; deux&nbsp; secteurs:&nbsp; secteur&nbsp; Industriel , et&nbsp; \u00e9galement&nbsp; dans&nbsp; le&nbsp; secteur&nbsp; du B\u00e2timent&nbsp; et&nbsp; des travaux public .<\/p>\n\n\n\n<h3 class=\"wp-block-heading\">Les formations professionnelles propos\u00e9es<\/h3>\n\n\n\n<hr class=\"wp-block-separator has-alpha-channel-opacity\"\/>\n\n\n\n<h2 class=\"wp-block-heading\"><mark style=\"background-color:#7bdcb5\" class=\"has-inline-color has-black-color\"> CAP \u00c9LECTRICIEN<\/mark><\/h2>\n\n\n\n<figure class=\"wp-block-image alignright size-full is-style-rounded\"><img loading=\"lazy\" decoding=\"async\" width=\"263\" height=\"199\" src=\"http:\/\/93.7.96.10\/wp-content\/uploads\/2022\/07\/elecl263x199.jpg\" alt=\"\" class=\"wp-image-145\"\/><\/figure>\n\n\n\n<p>Le titulaire de ce CAP intervient en tant qu&rsquo;\u00e9lectricien dans les secteurs du transport, de la distribution, des \u00e9quipements et installations \u00e9lectriques.Il installe, met en service, entretient et r\u00e9pare des ouvrages \u00e9lectriques, principalement en basse tension (domaine BTA : en dessous de 500 V en alternatif et de 750 V en continu). Il intervient, sous la responsabilit\u00e9 d&rsquo;un charg\u00e9 de travaux, sur les installations de logements individuels ou collectifs, de b\u00e2timents industriels, d&rsquo;immeubles de bureaux, de r\u00e9seaux de distribution\u2026<\/p>\n\n\n\n<h2 class=\"wp-block-heading\"><mark style=\"background-color:#7bdcb5\" class=\"has-inline-color has-black-color\">BAC PRO MELEC:\u00a0 M\u00e9tiers de l\u2019\u00e9lectricit\u00e9 et des environnements connect\u00e9s<\/mark><\/h2>\n\n\n\n<figure class=\"wp-block-image alignright size-full is-style-rounded\"><img loading=\"lazy\" decoding=\"async\" width=\"263\" height=\"199\" src=\"http:\/\/93.7.96.10\/wp-content\/uploads\/2022\/07\/bacpromelec.jpg\" alt=\"\" class=\"wp-image-146\"\/><\/figure>\n\n\n\n<p>Le titulaire du Bac pro intervient dans la production, le transport, la distribution et la transformation de l\u2019\u00e9nergie \u00e9lectrique. Il est charg\u00e9 de la r\u00e9alisation, de la mise en service et de la maintenance des installations \u00e9lectriques et des r\u00e9seaux, de l\u2019organisation et de la planification des chantiers. Du fait de l\u2019\u00e9volution des techniques et des technologies, il intervient \u00e9galement sur les r\u00e9seaux et \u00e9quipements destin\u00e9s \u00e0 transmettre et \u00e0 traiter la voix ou sur ceux li\u00e9s \u00e0 la s\u00e9curit\u00e9 des personnes et des biens<\/p>\n\n\n\n<h2 class=\"wp-block-heading\"><mark style=\"background-color:#7bdcb5\" class=\"has-inline-color has-black-color\">BAC PRO MEI : Maintenance des \u00c9quipements Industriels<\/mark><\/h2>\n\n\n\n<figure class=\"wp-block-image alignright size-full is-style-rounded\"><img loading=\"lazy\" decoding=\"async\" width=\"263\" height=\"199\" src=\"http:\/\/93.7.96.10\/wp-content\/uploads\/2022\/07\/mgi.jpg\" alt=\"\" class=\"wp-image-147\"\/><\/figure>\n\n\n\n<p>Le Bac pro MEI forme des techniciens de maintenance des \u00e9quipements utilis\u00e9s dans la production industrielle. <strong>Ce professionnel doit entretenir et r\u00e9parer les machines.<\/strong> Il doit pouvoir intervenir rapidement afin de ne pas ralentir trop longtemps la production. Il doit toujours noter ses interventions ce qui permet de d\u00e9finir leur \u00e9tat. <strong>Polyvalent, il peut intervenir dans les domaines de la m\u00e9canique, de l&rsquo;\u00e9lectronique, de l&rsquo;automatisme, du pneumatique ou de l&rsquo;hydraulique<\/strong>. Il peut travailler en 2&#215;8, 3&#215;8, 4&#215;8, 5&#215;8 ou de journ\u00e9e en fonction des besoins de l&rsquo;entreprise.<\/p>\n\n\n\n<h2 class=\"wp-block-heading\"><mark style=\"background-color:#7bdcb5\" class=\"has-inline-color has-black-color\">BAC PRO TGT : Technicien G\u00e9om\u00e8tre &#8211; Topographe<\/mark><\/h2>\n\n\n\n<figure class=\"wp-block-image alignright size-full is-style-rounded\"><img loading=\"lazy\" decoding=\"async\" width=\"263\" height=\"199\" src=\"http:\/\/93.7.96.10\/wp-content\/uploads\/2022\/07\/resize2-tgt.jpg\" alt=\"\" class=\"wp-image-148\"\/><\/figure>\n\n\n\n<p>La TOPOGRAPHIE est la technique qui a pour objet la repr\u00e9sentation et la mod\u00e9lisation en trois dimensions des formes du terrain avec tous les d\u00e9tails naturels ou artificiels qui s\u2019y trouvent (b\u00e2timents, routes, v\u00e9g\u00e9tation , cours d\u2019eau, limites \u2026).<\/p>\n\n\n\n<h2 class=\"wp-block-heading\"><mark style=\"background-color:#7bdcb5\" class=\"has-inline-color has-black-color\">BAC PRO TEBEE : Technicien d\u2019\u00c9tudes du B\u00e2timent (option A &#8211; \u00c9tudes et \u00c9conomie)<\/mark><\/h2>\n\n\n\n<figure class=\"wp-block-image alignright size-full is-style-rounded\"><img loading=\"lazy\" decoding=\"async\" width=\"262\" height=\"199\" src=\"http:\/\/93.7.96.10\/wp-content\/uploads\/2022\/07\/tebee.jpg\" alt=\"\" class=\"wp-image-149\"\/><\/figure>\n\n\n\n<p>Cette formation est ax\u00e9e sur l&rsquo;acquisition de connaissances techniques et \u00e9conomiques dans tous les domaines de la construction. Le titulaire de l&rsquo;option \u00e9tudes et \u00e9conomie est un professionnel qualifi\u00e9 connaissant les mat\u00e9riaux, les techniques de construction et leurs co\u00fbts particuliers.<\/p>\n\n\n\n<p>\u00a0 <\/p>\n\n\n\n<h2 class=\"wp-block-heading\"><mark style=\"background-color:#7bdcb5\" class=\"has-inline-color has-black-color\">FCIL CR (Cadet de la R\u00e9publique)<\/mark><\/h2>\n\n\n\n<figure class=\"wp-block-image alignright size-full is-style-rounded\"><img loading=\"lazy\" decoding=\"async\" width=\"263\" height=\"199\" src=\"http:\/\/93.7.96.10\/wp-content\/uploads\/2022\/07\/cadet2-police.jpg\" alt=\"\" class=\"wp-image-150\"\/><\/figure>\n\n\n\n<p><strong>FCIL :<\/strong> Formation Compl\u00e9mentaire d&rsquo;Initiative Locale Les jeunes de 18 \u00e0 30 ans, de nationalit\u00e9 fran\u00e7aise, n\u2019ayant aucune mention au casier judiciaire, peuvent b\u00e9n\u00e9ficier de ce contrat avec la police nationale durant 1 an. Il n\u2019y a pas de conditions de dipl\u00f4me ni de taille.<\/p>\n","protected":false},"excerpt":{"rendered":"<p>Vous souhaitez faire des \u00e9tudes courtes, professionnalisantes, afin d\u2019int\u00e9grer rapidement le march\u00e9 de l\u2019emploi\u00a0? La fili\u00e8re professionnelle est faite pour vous. Plusieurs niveaux de dipl\u00f4mes existent, du CAP au bac pro. Il est m\u00eame possible de poursuivre dans l\u2019enseignement sup\u00e9rieur . Ces formations se d\u00e9clinent dans de nombreux secteurs et sp\u00e9cialit\u00e9s, de l\u2019agroalimentaire \u00e0 l\u2019industrie [&hellip;]<\/p>\n","protected":false},"author":1,"featured_media":0,"parent":0,"menu_order":0,"comment_status":"closed","ping_status":"closed","template":"","meta":{"footnotes":""},"class_list":["post-141","page","type-page","status-publish","hentry"],"blocksy_meta":[],"_links":{"self":[{"href":"https:\/\/www.lycee-pasteur.fr\/index.php?rest_route=\/wp\/v2\/pages\/141","targetHints":{"allow":["GET"]}}],"collection":[{"href":"https:\/\/www.lycee-pasteur.fr\/index.php?rest_route=\/wp\/v2\/pages"}],"about":[{"href":"https:\/\/www.lycee-pasteur.fr\/index.php?rest_route=\/wp\/v2\/types\/page"}],"author":[{"embeddable":true,"href":"https:\/\/www.lycee-pasteur.fr\/index.php?rest_route=\/wp\/v2\/users\/1"}],"replies":[{"embeddable":true,"href":"https:\/\/www.lycee-pasteur.fr\/index.php?rest_route=%2Fwp%2Fv2%2Fcomments&post=141"}],"version-history":[{"count":2,"href":"https:\/\/www.lycee-pasteur.fr\/index.php?rest_route=\/wp\/v2\/pages\/141\/revisions"}],"predecessor-version":[{"id":151,"href":"https:\/\/www.lycee-pasteur.fr\/index.php?rest_route=\/wp\/v2\/pages\/141\/revisions\/151"}],"wp:attachment":[{"href":"https:\/\/www.lycee-pasteur.fr\/index.php?rest_route=%2Fwp%2Fv2%2Fmedia&parent=141"}],"curies":[{"name":"wp","href":"https:\/\/api.w.org\/{rel}","templated":true}]}}