{"id":156,"date":"2022-07-06T11:16:45","date_gmt":"2022-07-06T09:16:45","guid":{"rendered":"http:\/\/93.7.96.10\/?page_id=156"},"modified":"2023-03-22T09:10:55","modified_gmt":"2023-03-22T08:10:55","slug":"fcil-cr-cadet-de-la-republique","status":"publish","type":"page","link":"https:\/\/www.lycee-pasteur.fr\/?page_id=156","title":{"rendered":"FCIL CR (Cadet de la R\u00e9publique)"},"content":{"rendered":"\r\n<h1>PROTEGER, UN METIER.<\/h1>\r\n<h2>CADET DE LA REPUBLIQUE :<\/h2>\r\n<p>&nbsp;<\/p>\r\n<h3>Conditions d&rsquo;acc\u00e8s :<\/h3>\r\n<ul>\r\n<li>18-30 ans<\/li>\r\n<li>Aucun dipl\u00f4me exig\u00e9<\/li>\r\n<li>Nationalit\u00e9 fran\u00e7aise<\/li>\r\n<\/ul>\r\n<h3>Epreuves :<\/h3>\r\n<ul>\r\n<li>Examen du dossier de candidature.<\/li>\r\n<li>Tests psychologiques<\/li>\r\n<li>2 \u00e9preuves sportives<\/li>\r\n<li>1 entretien devant jury<\/li>\r\n<li>1 visite m\u00e9dicale<\/li>\r\n<\/ul>\r\n<p>&nbsp;<\/p>\r\n<h3>Inscriptions :<\/h3>\r\n<ul>\r\n<li>Chaque ann\u00e9e en Mars<\/li>\r\n<li>+ d&rsquo;infos sur <a href=\"https:\/\/www.devenirpolicier.fr\/\"><strong>devenirpolicier.fr<\/strong><\/a><\/li>\r\n<\/ul>\r\n<h3>\u00a0<\/h3>\r\n<h3>Formation :<\/h3>\r\n<ul>\r\n<li>Formation aux missions de policier adjoint<\/li>\r\n<li>Stages en services actifs<\/li>\r\n<li>12 mois d&rsquo;alternance<\/li>\r\n<li>Pr\u00e9paration au concours de gardien de la paix<\/li>\r\n<li>Remise \u00e0 niveau scolaire<\/li>\r\n<\/ul>\r\n<h3>Les plus :<\/h3>\r\n<ul>\r\n<li>coup de pouce scolaire<\/li>\r\n<li>Accompagnement pour pr\u00e9parer le concours de gardien de la paix<\/li>\r\n<\/ul>\r\n<p>&nbsp;<\/p>\r\n<h3>Objectifs :<\/h3>\r\n<ul>\r\n<li>Acc\u00e9der au concours sp\u00e9cifique de gardien de la paix<\/li>\r\n<li>Se former et renforcer ses acquis scolaires et devenir policier adjoint<\/li>\r\n<\/ul>\r\n<p>&nbsp;<\/p>\r\n<h3>Type d&#8217;emploi<\/h3>\r\n<ul>\r\n<li>Contrat \u00e0 dur\u00e9e d\u00e9termin\u00e9e de 3ans (renouvelable 1 fois)<\/li>\r\n<\/ul>\r\n<p>&nbsp;<\/p>\r\n<h3>R\u00e9mun\u00e9ration :<\/h3>\r\n<ul>\r\n<li>552,15 \u20ac net\/mois &#8211; allocation d&rsquo;\u00e9tudes<\/li>\r\n<\/ul>\r\n<p>&nbsp;<\/p>\r\n","protected":false},"excerpt":{"rendered":"<p>PROTEGER, UN METIER. CADET DE LA REPUBLIQUE : &nbsp; Conditions d&rsquo;acc\u00e8s : 18-30 ans Aucun dipl\u00f4me exig\u00e9 Nationalit\u00e9 fran\u00e7aise Epreuves : Examen du dossier de candidature. Tests psychologiques 2 \u00e9preuves sportives 1 entretien devant jury 1 visite m\u00e9dicale &nbsp; Inscriptions : Chaque ann\u00e9e en Mars + d&rsquo;infos sur devenirpolicier.fr \u00a0 Formation : Formation aux missions [&hellip;]<\/p>\n","protected":false},"author":1,"featured_media":0,"parent":0,"menu_order":0,"comment_status":"closed","ping_status":"closed","template":"","meta":{"footnotes":""},"class_list":["post-156","page","type-page","status-publish","hentry"],"blocksy_meta":[],"_links":{"self":[{"href":"https:\/\/www.lycee-pasteur.fr\/index.php?rest_route=\/wp\/v2\/pages\/156","targetHints":{"allow":["GET"]}}],"collection":[{"href":"https:\/\/www.lycee-pasteur.fr\/index.php?rest_route=\/wp\/v2\/pages"}],"about":[{"href":"https:\/\/www.lycee-pasteur.fr\/index.php?rest_route=\/wp\/v2\/types\/page"}],"author":[{"embeddable":true,"href":"https:\/\/www.lycee-pasteur.fr\/index.php?rest_route=\/wp\/v2\/users\/1"}],"replies":[{"embeddable":true,"href":"https:\/\/www.lycee-pasteur.fr\/index.php?rest_route=%2Fwp%2Fv2%2Fcomments&post=156"}],"version-history":[{"count":3,"href":"https:\/\/www.lycee-pasteur.fr\/index.php?rest_route=\/wp\/v2\/pages\/156\/revisions"}],"predecessor-version":[{"id":528,"href":"https:\/\/www.lycee-pasteur.fr\/index.php?rest_route=\/wp\/v2\/pages\/156\/revisions\/528"}],"wp:attachment":[{"href":"https:\/\/www.lycee-pasteur.fr\/index.php?rest_route=%2Fwp%2Fv2%2Fmedia&parent=156"}],"curies":[{"name":"wp","href":"https:\/\/api.w.org\/{rel}","templated":true}]}}