{"id":190,"date":"2022-08-17T11:29:01","date_gmt":"2022-08-17T09:29:01","guid":{"rendered":"http:\/\/93.7.96.10\/?page_id=190"},"modified":"2023-01-05T13:24:54","modified_gmt":"2023-01-05T12:24:54","slug":"le-cfa-academique","status":"publish","type":"page","link":"https:\/\/www.lycee-pasteur.fr\/?page_id=190","title":{"rendered":"Le CFA ACADEMIQUE"},"content":{"rendered":"\r\n<figure class=\"wp-block-gallery has-nested-images columns-default is-cropped wp-block-gallery-1 is-layout-flex wp-block-gallery-is-layout-flex\">\r\n<figure class=\"wp-block-image size-full is-resized is-style-default\"><img loading=\"lazy\" decoding=\"async\" data-id=\"189\" class=\"wp-image-381 alignnone\" src=\"http:\/\/93.7.96.10\/wp-content\/uploads\/2023\/01\/logo_cfa-300x150.png\" alt=\"\" width=\"268\" height=\"134\" srcset=\"https:\/\/www.lycee-pasteur.fr\/wp-content\/uploads\/2023\/01\/logo_cfa-300x150.png 300w, https:\/\/www.lycee-pasteur.fr\/wp-content\/uploads\/2023\/01\/logo_cfa.png 500w\" sizes=\"auto, (max-width: 268px) 100vw, 268px\" \/><\/figure>\r\n<p style=\"text-align: left;\">\u00a0<\/p>\r\n<\/figure>\r\n<p><img loading=\"lazy\" decoding=\"async\" class=\"alignnone  wp-image-405\" src=\"http:\/\/93.7.96.10\/wp-content\/uploads\/2023\/01\/monavenir-pro.png\" alt=\"\" width=\"179\" height=\"57\" \/><img loading=\"lazy\" decoding=\"async\" class=\"alignnone size-medium wp-image-407\" src=\"http:\/\/93.7.96.10\/wp-content\/uploads\/2023\/01\/cofinanceeu-300x50.png\" alt=\"\" width=\"300\" height=\"50\" srcset=\"https:\/\/www.lycee-pasteur.fr\/wp-content\/uploads\/2023\/01\/cofinanceeu-300x50.png 300w, https:\/\/www.lycee-pasteur.fr\/wp-content\/uploads\/2023\/01\/cofinanceeu.png 554w\" sizes=\"auto, (max-width: 300px) 100vw, 300px\" \/><strong><a href=\"https:\/\/monavenirpro-hdf.fr\/programme-regional-de-formation-prf\" target=\"_blank\" rel=\"noopener\">Visitez MonAvenirPro !!<\/a><\/strong><\/p>\r\n\r\n\r\n\r\n\r\n\r\n<p>Le CFA acad\u00e9mique est le Centre de Formation d\u2019Apprentis de l\u2019acad\u00e9mie de Lille. Il propose des parcours de formation complets et s\u00e9curis\u00e9s.<\/p>\r\n<p>&nbsp;<\/p>\r\n\r\n\r\n\r\n<ul class=\"wp-block-list\">\r\n<li>60 CAP (Certificat d\u2019Aptitude Professionnelle) + 1 Dipl\u00f4me d&rsquo;\u00e9tat<\/li>\r\n<li>14 BP (Brevet Professionnel)<\/li>\r\n<li>12 MC (Mention Compl\u00e9mentaire)<\/li>\r\n<li>58 BAC Professionnel<\/li>\r\n<li>58 BAC Professionnel<\/li>\r\n<\/ul>\r\n\r\n\r\n\r\n<h3 class=\"wp-block-heading\">L\u2019apprentissage, un parcours de r\u00e9ussite\u00a0 pour\u00a0:<\/h3>\r\n\r\n\r\n\r\n<ul class=\"wp-block-list\">\r\n<li>entrer dans la vie active<\/li>\r\n<li>devenir salari\u00e9 d\u2019une entreprise<\/li>\r\n<li>\u00eatre form\u00e9 \u00e0 un m\u00e9tier<\/li>\r\n<li>58 BAC Professionnel\r\n<p><img loading=\"lazy\" decoding=\"async\" class=\"wp-image-188 alignright\" src=\"http:\/\/93.7.96.10\/wp-content\/uploads\/2022\/08\/greta-topographie-1.jpg\" alt=\"\" width=\"329\" height=\"372\" srcset=\"https:\/\/www.lycee-pasteur.fr\/wp-content\/uploads\/2022\/08\/greta-topographie-1.jpg 400w, https:\/\/www.lycee-pasteur.fr\/wp-content\/uploads\/2022\/08\/greta-topographie-1-265x300.jpg 265w\" sizes=\"auto, (max-width: 329px) 100vw, 329px\" \/><\/p>\r\n<\/li>\r\n<li>acc\u00e9der \u00e0 un dipl\u00f4me<\/li>\r\n<\/ul>\r\n\r\n\r\n\r\n<p>L&rsquo;apprentissage, c&rsquo;est la possibilit\u00e9 d&rsquo;acqu\u00e9rir une exp\u00e9rience concr\u00e8te de son futur m\u00e9tier et d&rsquo;obtenir un dipl\u00f4me reconnu par le monde professionnel. Un travail en commun entre les ma\u00eetres d&rsquo;apprentissage et les \u00e9quipes p\u00e9dagogiques pour la mise en place de parcours de formation adapt\u00e9s \u00e0 l&rsquo;entreprise. Un \u00abP\u00f4le d&rsquo;accompagnement\u00bb des apprentis dans chaque UFA gr\u00e2ce \u00e0 :<\/p>\r\n\r\n\r\n\r\n<h3 class=\"wp-block-heading\">Les atouts :<\/h3>\r\n<p>Un enseignement de qualit\u00e9 gr\u00e2ce \u00e0 des formateurs exp\u00e9riment\u00e9s de l&rsquo;\u00e9ducation nationale et des moyens p\u00e9dagogiques modernes. La p\u00e9dagogie de l&rsquo;alternance gr\u00e2ce aux r\u00e9seaux des coordonnateurs p\u00e9dagogiques acad\u00e9miques.<\/p>\r\n\r\n\r\n\r\n<ul class=\"wp-block-list\">\r\n<li>des \u201cpoint \u00e9coute\u201d,<\/li>\r\n<li>des centres de ressources,<\/li>\r\n<li>des actions d&rsquo;ouverture sur le monde culturel et de d\u00e9veloppement de la mobilit\u00e9 europ\u00e9enne.<\/li>\r\n<\/ul>\r\n\r\n\r\n\r\n<h3 class=\"wp-block-heading\">Les domaines professionnels :<\/h3>\r\n\r\n\r\n\r\n<p>B\u00e2timent, \u00e9lectricit\u00e9, informatique, m\u00e9canique g\u00e9n\u00e9rale, maintenance industrielle et m\u00e9thode, contr\u00f4le industriel et r\u00e9gulation automatique, m\u00e9canique et maintenances des moyens de transport, transport, logistique, manutention, s\u00e9curit\u00e9, gardiennage, nettoyage, commerce, coiffure, industries graphiques, banque-assurance, services administratifs, pr\u00e9parateur en pharmacie, petite enfance, aide \u00e0 domicile, h\u00f4tellerie-restauration-tourisme, boulanger, p\u00e2tissier, m\u00e9tiers de l&rsquo;eau, qualit\u00e9 dans les industries agro-alimentaires.<\/p>\r\n","protected":false},"excerpt":{"rendered":"<p>Le CFA acad\u00e9mique est le Centre de Formation d\u2019Apprentis de l\u2019acad\u00e9mie de Lille. Il propose des parcours de formation complets et s\u00e9curis\u00e9s. &nbsp; 60 CAP (Certificat d\u2019Aptitude Professionnelle) + 1 Dipl\u00f4me d&rsquo;\u00e9tat 14 BP (Brevet Professionnel) 12 MC (Mention Compl\u00e9mentaire) 58 BAC Professionnel 58 BAC Professionnel L\u2019apprentissage, un parcours de r\u00e9ussite\u00a0 pour\u00a0: entrer dans la [&hellip;]<\/p>\n","protected":false},"author":1,"featured_media":0,"parent":0,"menu_order":0,"comment_status":"closed","ping_status":"closed","template":"","meta":{"footnotes":""},"class_list":["post-190","page","type-page","status-publish","hentry"],"blocksy_meta":[],"_links":{"self":[{"href":"https:\/\/www.lycee-pasteur.fr\/index.php?rest_route=\/wp\/v2\/pages\/190","targetHints":{"allow":["GET"]}}],"collection":[{"href":"https:\/\/www.lycee-pasteur.fr\/index.php?rest_route=\/wp\/v2\/pages"}],"about":[{"href":"https:\/\/www.lycee-pasteur.fr\/index.php?rest_route=\/wp\/v2\/types\/page"}],"author":[{"embeddable":true,"href":"https:\/\/www.lycee-pasteur.fr\/index.php?rest_route=\/wp\/v2\/users\/1"}],"replies":[{"embeddable":true,"href":"https:\/\/www.lycee-pasteur.fr\/index.php?rest_route=%2Fwp%2Fv2%2Fcomments&post=190"}],"version-history":[{"count":20,"href":"https:\/\/www.lycee-pasteur.fr\/index.php?rest_route=\/wp\/v2\/pages\/190\/revisions"}],"predecessor-version":[{"id":410,"href":"https:\/\/www.lycee-pasteur.fr\/index.php?rest_route=\/wp\/v2\/pages\/190\/revisions\/410"}],"wp:attachment":[{"href":"https:\/\/www.lycee-pasteur.fr\/index.php?rest_route=%2Fwp%2Fv2%2Fmedia&parent=190"}],"curies":[{"name":"wp","href":"https:\/\/api.w.org\/{rel}","templated":true}]}}