{"id":253,"date":"2022-12-07T11:07:22","date_gmt":"2022-12-07T10:07:22","guid":{"rendered":"http:\/\/93.7.96.10\/?page_id=253"},"modified":"2023-01-05T12:55:27","modified_gmt":"2023-01-05T11:55:27","slug":"conducteur-de-travaux-du-batiment-et-du-genie-civil","status":"publish","type":"page","link":"https:\/\/www.lycee-pasteur.fr\/?page_id=253","title":{"rendered":"CONDUCTEUR DE TRAVAUX\u00a0 DU\u00a0 B\u00c2TIMENT\u00a0 ET DU\u00a0 G\u00c9NIE\u00a0 CIVIL"},"content":{"rendered":"\r\n\r\n\r\n<h1 class=\"wp-block-heading\"><img loading=\"lazy\" decoding=\"async\" class=\"alignnone  wp-image-380\" src=\"http:\/\/93.7.96.10\/wp-content\/uploads\/2023\/01\/Logo-RF-GGA-300x113.jpg\" alt=\"\" width=\"350\" height=\"132\" srcset=\"https:\/\/www.lycee-pasteur.fr\/wp-content\/uploads\/2023\/01\/Logo-RF-GGA-300x113.jpg 300w, https:\/\/www.lycee-pasteur.fr\/wp-content\/uploads\/2023\/01\/Logo-RF-GGA-1024x386.jpg 1024w, https:\/\/www.lycee-pasteur.fr\/wp-content\/uploads\/2023\/01\/Logo-RF-GGA-768x290.jpg 768w, https:\/\/www.lycee-pasteur.fr\/wp-content\/uploads\/2023\/01\/Logo-RF-GGA-1536x579.jpg 1536w, https:\/\/www.lycee-pasteur.fr\/wp-content\/uploads\/2023\/01\/Logo-RF-GGA-2048x772.jpg 2048w\" sizes=\"auto, (max-width: 350px) 100vw, 350px\" \/><img loading=\"lazy\" decoding=\"async\" class=\"alignright wp-image-254\" style=\"font-size: 16px;\" src=\"http:\/\/93.7.96.10\/wp-content\/uploads\/2022\/12\/bacprotgt-liste.jpg\" alt=\"\" width=\"330\" height=\"250\" \/><\/h1>\r\n<h1>\u00catre Capable de :<\/h1>\r\n\r\n\r\n\r\n<p>\u2022\u00a0\u00a0\u00a0\u00a0\u00a0 Analyser un dossier DCE et pr\u00e9parer la r\u00e9ponse \u00e0 l&rsquo;appel d&rsquo;offres<\/p>\r\n\r\n\r\n\r\n<p>\u2022\u00a0\u00a0\u00a0\u00a0\u00a0 Analyser un dossier travaux pour pr\u00e9parer le chantier<\/p>\r\n\r\n\r\n\r\n<p>\u2022\u00a0\u00a0\u00a0\u00a0\u00a0 Etablir le budget du chantier<\/p>\r\n\r\n\r\n\r\n<p>\u2022\u00a0\u00a0\u00a0\u00a0\u00a0 G\u00e9rer les co\u00fbts de production<\/p>\r\n\r\n\r\n\r\n<p>\u2022\u00a0\u00a0\u00a0\u00a0\u00a0 Pr\u00e9parer la facturation<\/p>\r\n\r\n\r\n\r\n<p>\u2022\u00a0\u00a0\u00a0\u00a0\u00a0 Suivre l&rsquo;avancement des travaux<\/p>\r\n\r\n\r\n\r\n<p>\u2022\u00a0\u00a0\u00a0\u00a0\u00a0 Ma\u00eetriser les techniques de quantification<\/p>\r\n\r\n\r\n\r\n<p>\u2022 Proposer les solutions technologiques<\/p>\r\n\r\n\r\n\r\n<p>\u2022 Appliquer les techniques de pilotage du second \u0153uvre<\/p>\r\n\r\n\r\n\r\n<p>\u2022 Contr\u00f4ler les techniques de mise en \u0153uvre en gros \u0153uvre<\/p>\r\n\r\n\r\n\r\n<p>\u2022 Conna\u00eetre les principes \u00e9conomiques et de gestion de l&rsquo;entreprise<\/p>\r\n\r\n\r\n\r\n<p>\u2022 Communiquer \/ manager<\/p>\r\n\r\n\r\n\r\n<p>\u2022 Prendre des initiatives assurant la s\u00e9curit\u00e9 des personnes et la stabilit\u00e9 des ouvrages<\/p>\r\n\r\n\r\n\r\n<p>\u00b7\u00a0Appliquer les nouvelles r\u00e9glementations : Loi sur la transition \u00e9nerg\u00e9tique\/ AIPR<\/p>\r\n\r\n\r\n\r\n<p>Contenus))<\/p>\r\n\r\n\r\n\r\n<p>CCP : Pr\u00e9parer un chantier de b\u00e2timent et de g\u00e9nie civil<\/p>\r\n\r\n\r\n\r\n<p>\u2022\u00a0\u00a0\u00a0\u00a0\u00a0 Analyser un dossier b\u00e2timent et g\u00e9nie civil<\/p>\r\n\r\n\r\n\r\n<p>\u2022\u00a0\u00a0\u00a0\u00a0\u00a0 D\u00e9finir les modes op\u00e9ratoires et les moyens techniques d\u2019un chantier de b\u00e2timent et de g\u00e9nie civil<\/p>\r\n\r\n\r\n\r\n<p>\u2022\u00a0\u00a0\u00a0\u00a0\u00a0 Elaborer les documents de pr\u00e9paration, de planification et d\u2019organisation d\u2019un chantier de b\u00e2timent et de g\u00e9nie civil<\/p>\r\n\r\n\r\n\r\n<p>\u2022\u00a0\u00a0\u00a0\u00a0\u00a0 N\u00e9gocier les achats et les march\u00e9s avec les diff\u00e9rents intervenants<\/p>\r\n\r\n\r\n\r\n<p>\u2022\u00a0\u00a0 R\u00e9aliser la gestion financi\u00e8re technique et administrative d\u2019un chantier<\/p>\r\n\r\n\r\n\r\n<p>\u2022 Ordonnancer, piloter et coordonner les actions des diff\u00e9rents intervenants<\/p>\r\n\r\n\r\n\r\n<p>\u2022 Informatique : Autocad Project<\/p>\r\n\r\n\r\n\r\n<p>WORD\/EXCEL, BIM (REVIT), Logiciel de devis<\/p>\r\n\r\n\r\n\r\n<p>\u2022 Communication \u00e9crite et orale : sp\u00e9cifique au b\u00e2timent, Conduite de r\u00e9union, relation client<\/p>\r\n\r\n\r\n\r\n<p>\u00b7\u00a0Sensibilisation au BIM<\/p>\r\n\r\n\r\n\r\n<p>chantier de b\u00e2timent et de g\u00e9nie Civil))<\/p>\r\n\r\n\r\n\r\n<p>N\u00e9gocier les achats et les march\u00e9s<\/p>\r\n\r\n\r\n\r\n<p>R\u00e9aliser la gestion financi\u00e8re, technique et administrative<\/p>\r\n\r\n\r\n\r\n<p>Ordonnancer, piloter et coordonner les actions des diff\u00e9rents intervenants<\/p>\r\n\r\n\r\n\r\n<p>Manager une \u00e9quipe de production sur un chantier<\/p>\r\n\r\n\r\n\r\n<p>Animer une r\u00e9union de chantier de b\u00e2timent et g\u00e9nie civil<\/p>\r\n\r\n\r\n\r\n<p>Contr\u00f4ler la parfaite ex\u00e9cution des ouvrages d\u2019un chantier de b\u00e2timent et de g\u00e9nie civil<\/p>\r\n\r\n\r\n\r\n<p>Clore un chantier<\/p>\r\n\r\n\r\n\r\n<p>Assurer les missions d\u2019un \u00ab\u00a0encadrant\u00a0\u00bb de travaux \u00e0 proximit\u00e9 des r\u00e9seaux, dans le respect de la r\u00e9glementation<\/p>\r\n","protected":false},"excerpt":{"rendered":"<p>\u00catre Capable de : \u2022\u00a0\u00a0\u00a0\u00a0\u00a0 Analyser un dossier DCE et pr\u00e9parer la r\u00e9ponse \u00e0 l&rsquo;appel d&rsquo;offres \u2022\u00a0\u00a0\u00a0\u00a0\u00a0 Analyser un dossier travaux pour pr\u00e9parer le chantier \u2022\u00a0\u00a0\u00a0\u00a0\u00a0 Etablir le budget du chantier \u2022\u00a0\u00a0\u00a0\u00a0\u00a0 G\u00e9rer les co\u00fbts de production \u2022\u00a0\u00a0\u00a0\u00a0\u00a0 Pr\u00e9parer la facturation \u2022\u00a0\u00a0\u00a0\u00a0\u00a0 Suivre l&rsquo;avancement des travaux \u2022\u00a0\u00a0\u00a0\u00a0\u00a0 Ma\u00eetriser les techniques de quantification \u2022 Proposer les [&hellip;]<\/p>\n","protected":false},"author":1,"featured_media":0,"parent":0,"menu_order":0,"comment_status":"closed","ping_status":"closed","template":"","meta":{"footnotes":""},"class_list":["post-253","page","type-page","status-publish","hentry"],"blocksy_meta":[],"_links":{"self":[{"href":"https:\/\/www.lycee-pasteur.fr\/index.php?rest_route=\/wp\/v2\/pages\/253","targetHints":{"allow":["GET"]}}],"collection":[{"href":"https:\/\/www.lycee-pasteur.fr\/index.php?rest_route=\/wp\/v2\/pages"}],"about":[{"href":"https:\/\/www.lycee-pasteur.fr\/index.php?rest_route=\/wp\/v2\/types\/page"}],"author":[{"embeddable":true,"href":"https:\/\/www.lycee-pasteur.fr\/index.php?rest_route=\/wp\/v2\/users\/1"}],"replies":[{"embeddable":true,"href":"https:\/\/www.lycee-pasteur.fr\/index.php?rest_route=%2Fwp%2Fv2%2Fcomments&post=253"}],"version-history":[{"count":4,"href":"https:\/\/www.lycee-pasteur.fr\/index.php?rest_route=\/wp\/v2\/pages\/253\/revisions"}],"predecessor-version":[{"id":386,"href":"https:\/\/www.lycee-pasteur.fr\/index.php?rest_route=\/wp\/v2\/pages\/253\/revisions\/386"}],"wp:attachment":[{"href":"https:\/\/www.lycee-pasteur.fr\/index.php?rest_route=%2Fwp%2Fv2%2Fmedia&parent=253"}],"curies":[{"name":"wp","href":"https:\/\/api.w.org\/{rel}","templated":true}]}}