{"id":261,"date":"2022-12-07T11:51:35","date_gmt":"2022-12-07T10:51:35","guid":{"rendered":"http:\/\/93.7.96.10\/?page_id=261"},"modified":"2023-01-05T12:55:54","modified_gmt":"2023-01-05T11:55:54","slug":"titre-professionnel-technicien-metreur-du-batiment","status":"publish","type":"page","link":"https:\/\/www.lycee-pasteur.fr\/?page_id=261","title":{"rendered":"Titre professionnel&nbsp; technicien m\u00e9treur du B\u00e2timent"},"content":{"rendered":"\r\n<p><img loading=\"lazy\" decoding=\"async\" class=\"alignnone size-medium wp-image-380\" src=\"http:\/\/93.7.96.10\/wp-content\/uploads\/2023\/01\/Logo-RF-GGA-300x113.jpg\" alt=\"\" width=\"300\" height=\"113\" srcset=\"https:\/\/www.lycee-pasteur.fr\/wp-content\/uploads\/2023\/01\/Logo-RF-GGA-300x113.jpg 300w, https:\/\/www.lycee-pasteur.fr\/wp-content\/uploads\/2023\/01\/Logo-RF-GGA-1024x386.jpg 1024w, https:\/\/www.lycee-pasteur.fr\/wp-content\/uploads\/2023\/01\/Logo-RF-GGA-768x290.jpg 768w, https:\/\/www.lycee-pasteur.fr\/wp-content\/uploads\/2023\/01\/Logo-RF-GGA-1536x579.jpg 1536w, https:\/\/www.lycee-pasteur.fr\/wp-content\/uploads\/2023\/01\/Logo-RF-GGA-2048x772.jpg 2048w\" sizes=\"auto, (max-width: 300px) 100vw, 300px\" \/><\/p>\r\n<p>RNCP_34657<\/p>\r\n\r\n\r\n\r\n<figure class=\"wp-block-image alignright size-full is-resized is-style-rounded\"><img loading=\"lazy\" decoding=\"async\" class=\"wp-image-262\" src=\"http:\/\/93.7.96.10\/wp-content\/uploads\/2022\/12\/images.jpg\" alt=\"\" width=\"392\" height=\"290\" \/><\/figure>\r\n\r\n\r\n\r\n<p>Le titre professionnel technicien m\u00e9treur du b\u00e2timent1 niveau 4 (code NSF : 230n) se compose de deux activit\u00e9s types, chaque activit\u00e9 type comportant les comp\u00e9tences n\u00e9cessaires \u00e0 sa r\u00e9alisation. A chaque activit\u00e9 type correspond un certificat de comp\u00e9tences professionnelles (CCP). Le technicien m\u00e9treur du b\u00e2timent est charg\u00e9 de l\u2019\u00e9tude de prix des projets de construction ou de r\u00e9habilitation, sur tous les corps d\u2019\u00e9tat ou sur un ou plusieurs lots, selon l\u2019activit\u00e9 de l\u2019entreprise dans laquelle il est employ\u00e9. Il intervient en entreprise du b\u00e2timent. Il \u00e9tudie le dossier de consultation des entreprises (DCE) que lui a remis son sup\u00e9rieur, dans le but de r\u00e9aliser l\u2019offre de prix. Pour cela, il r\u00e9alise les m\u00e9tr\u00e9s des ouvrages \u00e0 partir de plans 2D ou d&rsquo;une maquette num\u00e9rique et consulte les fournisseurs ou les sous-traitants afin d\u2019obtenir les informations techniques et financi\u00e8res n\u00e9cessaires \u00e0 l\u2019\u00e9tablissement de son offre. Il d\u00e9termine ensuite les proc\u00e9d\u00e9s techniques et l\u2019organisation de chantier. Il v\u00e9rifie la conformit\u00e9 technique et r\u00e9glementaire de ses propositions. Pour une op\u00e9ration de r\u00e9habilitation, il r\u00e9alise le relev\u00e9 et la description de l\u2019\u00e9tat des lieux afin de valider les choix techniques et\/ou modes op\u00e9ratoires par exemple. En neuf comme en r\u00e9novation, il peut se d\u00e9placer sur le lieu du chantier afin de bien appr\u00e9hender les diff\u00e9rentes contraintes du site qui devront \u00eatre prises en compte dans l&rsquo;offre de prix. Il r\u00e9alise l\u2019\u00e9tude de prix aux d\u00e9bours\u00e9s, en d\u00e9taillant les co\u00fbts en mat\u00e9riel, mat\u00e9riaux et main-d\u2019\u0153uvre. Il calcule ainsi les prix de vente des ouvrages et r\u00e9dige le devis quantitatif estimatif qu&rsquo;il soumet \u00e0 l&rsquo;approbation de son sup\u00e9rieur hi\u00e9rarchique<\/p>\r\n\r\n\r\n\r\n<h1 class=\"wp-block-heading\">Contenus))<\/h1>\r\n\r\n\r\n\r\n<p><strong>\u00a0 CCP &#8211; M\u00e9trer un projet de b\u00e2timent trait\u00e9 en BIM ou en conventionnel<\/strong><\/p>\r\n\r\n\r\n\r\n<ul class=\"wp-block-list\">\r\n<li>R\u00e9aliser le m\u00e9tr\u00e9 d&rsquo;un projet de b\u00e2timent \u00e0 partir de plans 2D ou d&rsquo;une maquette num\u00e9rique<\/li>\r\n\r\n\r\n\r\n<li>Etablir le relev\u00e9 et la description d&rsquo;un b\u00e2timent existant<\/li>\r\n\r\n\r\n\r\n<li>V\u00e9rifier la conformit\u00e9 du projet de b\u00e2timent avec les normes et la r\u00e9glementation\u00a0<\/li>\r\n<\/ul>\r\n\r\n\r\n\r\n<p><strong>CCP &#8211; R\u00e9aliser l&rsquo;\u00e9tude de prix d&rsquo;un projet de b\u00e2timent trait\u00e9 en BIM ou en conventionnel<\/strong><\/p>\r\n\r\n\r\n\r\n<ul class=\"wp-block-list\">\r\n<li>Proposer une organisation d&rsquo;un chantier de construction<\/li>\r\n\r\n\r\n\r\n<li>R\u00e9aliser le m\u00e9tr\u00e9 d&rsquo;un projet de b\u00e2timent \u00e0 partir de plans 2D ou d&rsquo;une maquette num\u00e9rique<\/li>\r\n\r\n\r\n\r\n<li>Consulter les fournisseurs ou les sous-traitants pour un projet de b\u00e2timent<\/li>\r\n\r\n\r\n\r\n<li>Calculer le prix de vente aux d\u00e9bours\u00e9s d&rsquo;un projet de b\u00e2timent\u00a0<\/li>\r\n<\/ul>\r\n","protected":false},"excerpt":{"rendered":"<p>RNCP_34657 Le titre professionnel technicien m\u00e9treur du b\u00e2timent1 niveau 4 (code NSF : 230n) se compose de deux activit\u00e9s types, chaque activit\u00e9 type comportant les comp\u00e9tences n\u00e9cessaires \u00e0 sa r\u00e9alisation. A chaque activit\u00e9 type correspond un certificat de comp\u00e9tences professionnelles (CCP). Le technicien m\u00e9treur du b\u00e2timent est charg\u00e9 de l\u2019\u00e9tude de prix des projets de [&hellip;]<\/p>\n","protected":false},"author":1,"featured_media":0,"parent":0,"menu_order":0,"comment_status":"closed","ping_status":"closed","template":"","meta":{"footnotes":""},"class_list":["post-261","page","type-page","status-publish","hentry"],"blocksy_meta":[],"_links":{"self":[{"href":"https:\/\/www.lycee-pasteur.fr\/index.php?rest_route=\/wp\/v2\/pages\/261","targetHints":{"allow":["GET"]}}],"collection":[{"href":"https:\/\/www.lycee-pasteur.fr\/index.php?rest_route=\/wp\/v2\/pages"}],"about":[{"href":"https:\/\/www.lycee-pasteur.fr\/index.php?rest_route=\/wp\/v2\/types\/page"}],"author":[{"embeddable":true,"href":"https:\/\/www.lycee-pasteur.fr\/index.php?rest_route=\/wp\/v2\/users\/1"}],"replies":[{"embeddable":true,"href":"https:\/\/www.lycee-pasteur.fr\/index.php?rest_route=%2Fwp%2Fv2%2Fcomments&post=261"}],"version-history":[{"count":2,"href":"https:\/\/www.lycee-pasteur.fr\/index.php?rest_route=\/wp\/v2\/pages\/261\/revisions"}],"predecessor-version":[{"id":387,"href":"https:\/\/www.lycee-pasteur.fr\/index.php?rest_route=\/wp\/v2\/pages\/261\/revisions\/387"}],"wp:attachment":[{"href":"https:\/\/www.lycee-pasteur.fr\/index.php?rest_route=%2Fwp%2Fv2%2Fmedia&parent=261"}],"curies":[{"name":"wp","href":"https:\/\/api.w.org\/{rel}","templated":true}]}}