{"id":27,"date":"2022-01-17T12:46:59","date_gmt":"2022-01-17T11:46:59","guid":{"rendered":"http:\/\/93.7.96.10\/?page_id=27"},"modified":"2025-08-28T10:25:04","modified_gmt":"2025-08-28T08:25:04","slug":"les-equipes-du-lycee-pasteur","status":"publish","type":"page","link":"https:\/\/www.lycee-pasteur.fr\/?page_id=27","title":{"rendered":"LES \u00c9QUIPES DU LYC\u00c9E PASTEUR"},"content":{"rendered":"\r\n<h5 class=\"has-cyan-bluish-gray-background-color has-background wp-block-heading\"><strong>Direction &#8211; Administration<\/strong><\/h5>\r\n\r\n\r\n\r\n<p><strong>Proviseur :\u00a0<\/strong>Mme BLANCHARD Florence<\/p>\r\n<p><strong>Proviseur Adjoint du LGT : <\/strong>Mme COSTE Vaea<\/p>\r\n<p><strong>Proviseur Adjoint du LP :<\/strong>M. Laurent SOUALLE<\/p>\r\n<p><strong>Directeur D\u00e9l\u00e9gu\u00e9 aux formation professionnelles et technologique :\u00a0<\/strong>M David DELONELLE<\/p>\r\n<p><strong>Secr\u00e9tariat de Direction :<\/strong><\/p>\r\n<ul>\r\n<li>Mme Marie-Christine DUQUESNOIS<\/li>\r\n<li>Mr GLISSOUX Corentyn<\/li>\r\n<\/ul>\r\n<p><strong>Secr\u00e9tariat des \u00e9l\u00e8ves et \u00e9tudiants<\/strong> : Mme Marie-Christine LEMAY<\/p>\r\n<p><strong>Secr\u00e9tariat DDFPT<\/strong> : Mme HAVY Tiphaine<\/p>\r\n<p><strong>Responsable du Bureau des Entreprises :\u00a0<\/strong><\/p>\r\n\r\n\r\n\r\n<h5 class=\"has-cyan-bluish-gray-background-color has-background wp-block-heading\"><strong>Intendance<\/strong><\/h5>\r\n\r\n\r\n\r\n<p><strong>Gestionnaire :<\/strong> M Rapha\u00ebl FREMAUX<\/p>\r\n<p><strong>Secr\u00e9tariat de gestion :\u00a0<\/strong><\/p>\r\n<ul>\r\n<li><strong>\u00a0<\/strong>Mme Val\u00e9rie POTTIER\u00a0<\/li>\r\n<li>\u00a0Mme Rahma GOUAL\u00a0<\/li>\r\n<\/ul>\r\n\r\n\r\n\r\n\r\n\r\n<h5 class=\"has-cyan-bluish-gray-background-color has-background wp-block-heading\"><strong>Conseillers Principaux d&rsquo;\u00c9ducation (CPE)<\/strong><\/h5>\r\n\r\n\r\n\r\n<ul>\r\n<li>Mme Andr\u00e9e BURLET<\/li>\r\n<li>Mme Juliette ROUSSEAU<\/li>\r\n<li>Mme Rachelle NEUBAUER<\/li>\r\n<li>M. Omar ZAOUI<\/li>\r\n<\/ul>\r\n\r\n\r\n\r\n<h5 class=\"has-black-color has-cyan-bluish-gray-background-color has-text-color has-background\"><strong>Service informatique :<\/strong><\/h5>\r\n<p><strong>Responsable :<\/strong> M. Freddy COPPIN<\/p>\r\n\r\n\r\n\r\n<h5 class=\"has-black-color has-cyan-bluish-gray-background-color has-text-color has-background wp-block-heading\"><strong>Formation continue et apprentissage<\/strong><\/h5>\r\n\r\n\r\n\r\n<p><strong>Secr\u00e9tariat des formations continues (GRETA) :<\/strong> <br \/><strong>Secr\u00e9tariat des formations par apprentissage (UFA) :<\/strong> Mme Catherine LEVASSEUR<\/p>\r\n\r\n\r\n\r\n<h5 class=\"has-black-color has-cyan-bluish-gray-background-color has-text-color has-background wp-block-heading\">Psychologues de l&rsquo;Education\u00a0Nationale<\/h5>\r\n\r\n\r\n\r\n<ul>\r\n<li>Mme GILLERON Magali<\/li>\r\n<li>Mme LECARLIER Aude<\/li>\r\n<\/ul>\r\n\r\n\r\n\r\n\r\n\r\n<h5 class=\"has-black-color has-cyan-bluish-gray-background-color has-text-color has-background\"><strong>Documentalistes<\/strong><\/h5>\r\n<ul>\r\n<li>Mme Marie-H\u00e9l\u00e8ne VERGRIETE<\/li>\r\n<li>Mme DELMOTTE Emilie<\/li>\r\n<\/ul>\r\n\r\n\r\n\r\n<h5 class=\"has-black-color has-cyan-bluish-gray-background-color has-text-color has-background wp-block-heading\"><strong>Service m\u00e9dico social<\/strong><\/h5>\r\n\r\n\r\n\r\n<p><strong>Assistante Sociale :<\/strong> Mme Manon BASSE<br \/><strong>M\u00e9decin scolaire :<\/strong>\u00a0<br \/><strong>Infirmi\u00e8re(e)s :<\/strong><\/p>\r\n<ul>\r\n<li>Mme Anais CONSTANT<\/li>\r\n<li>Mme PIETRZAK St\u00e9phanie<\/li>\r\n<\/ul>\r\n<p>&nbsp;<\/p>\r\n\r\n\r\n\r\n<h5 class=\"has-black-color has-cyan-bluish-gray-background-color has-text-color has-background wp-block-heading\"><strong>Corps enseignant<\/strong><\/h5>\r\n\r\n\r\n\r\n<p>L&rsquo;\u00e9quipe p\u00e9dagogique est compos\u00e9e de 120 professeurs.<\/p>\r\n\r\n\r\n\r\n<p>&nbsp;<\/p>\r\n","protected":false},"excerpt":{"rendered":"<p>Direction &#8211; Administration Proviseur :\u00a0Mme BLANCHARD Florence Proviseur Adjoint du LGT : Mme COSTE Vaea Proviseur Adjoint du LP :M. Laurent SOUALLE Directeur D\u00e9l\u00e9gu\u00e9 aux formation professionnelles et technologique :\u00a0M David DELONELLE Secr\u00e9tariat de Direction : Mme Marie-Christine DUQUESNOIS Mr GLISSOUX Corentyn Secr\u00e9tariat des \u00e9l\u00e8ves et \u00e9tudiants : Mme Marie-Christine LEMAY Secr\u00e9tariat DDFPT : Mme [&hellip;]<\/p>\n","protected":false},"author":1,"featured_media":0,"parent":0,"menu_order":0,"comment_status":"closed","ping_status":"closed","template":"","meta":{"footnotes":""},"class_list":["post-27","page","type-page","status-publish","hentry"],"blocksy_meta":[],"_links":{"self":[{"href":"https:\/\/www.lycee-pasteur.fr\/index.php?rest_route=\/wp\/v2\/pages\/27","targetHints":{"allow":["GET"]}}],"collection":[{"href":"https:\/\/www.lycee-pasteur.fr\/index.php?rest_route=\/wp\/v2\/pages"}],"about":[{"href":"https:\/\/www.lycee-pasteur.fr\/index.php?rest_route=\/wp\/v2\/types\/page"}],"author":[{"embeddable":true,"href":"https:\/\/www.lycee-pasteur.fr\/index.php?rest_route=\/wp\/v2\/users\/1"}],"replies":[{"embeddable":true,"href":"https:\/\/www.lycee-pasteur.fr\/index.php?rest_route=%2Fwp%2Fv2%2Fcomments&post=27"}],"version-history":[{"count":26,"href":"https:\/\/www.lycee-pasteur.fr\/index.php?rest_route=\/wp\/v2\/pages\/27\/revisions"}],"predecessor-version":[{"id":1391,"href":"https:\/\/www.lycee-pasteur.fr\/index.php?rest_route=\/wp\/v2\/pages\/27\/revisions\/1391"}],"wp:attachment":[{"href":"https:\/\/www.lycee-pasteur.fr\/index.php?rest_route=%2Fwp%2Fv2%2Fmedia&parent=27"}],"curies":[{"name":"wp","href":"https:\/\/api.w.org\/{rel}","templated":true}]}}