{"id":29,"date":"2022-01-17T12:48:03","date_gmt":"2022-01-17T11:48:03","guid":{"rendered":"http:\/\/93.7.96.10\/?page_id=29"},"modified":"2022-01-17T12:48:03","modified_gmt":"2022-01-17T11:48:03","slug":"les-horaires-en-classe-de-seconde","status":"publish","type":"page","link":"https:\/\/www.lycee-pasteur.fr\/?page_id=29","title":{"rendered":"Les horaires en classe de seconde"},"content":{"rendered":"\n<p><img decoding=\"async\" width=\"360\" alt=\"Mette le titre de l'image ici\" src=\"https:\/\/www.lycee-pasteur.fr\/images\/pasteur-62\/formations\/bac\/laseconde.jpg\"><\/p>\n\n\n\n<p><em>Enseignements communs et optionnels, accompagnement personnalis\u00e9, aide \u00e0 l\u2019orientation&#8230; tout sur le programme de seconde g\u00e9n\u00e9rale et technologique. Cette premi\u00e8re ann\u00e9e de lyc\u00e9e a pour objectif de permettre aux \u00e9l\u00e8ves de pr\u00e9parer et choisir leur voie en cycle terminal : technologique ou g\u00e9n\u00e9rale. <\/em>&nbsp;&nbsp;&nbsp;&nbsp;&nbsp;&nbsp;&nbsp;&nbsp;&nbsp;&nbsp;&nbsp;&nbsp;&nbsp;&nbsp;&nbsp;&nbsp;&nbsp;&nbsp;&nbsp;&nbsp;&nbsp;&nbsp;&nbsp;&nbsp;&nbsp;&nbsp;&nbsp;&nbsp;&nbsp;&nbsp;&nbsp;&nbsp;&nbsp;&nbsp;&nbsp;&nbsp;&nbsp;&nbsp;&nbsp;&nbsp;&nbsp;&nbsp;&nbsp;&nbsp;&nbsp;&nbsp;&nbsp;&nbsp;&nbsp;&nbsp;&nbsp;&nbsp;&nbsp;&nbsp;&nbsp;&nbsp;&nbsp;&nbsp;&nbsp;&nbsp;&nbsp;&nbsp;&nbsp;&nbsp;&nbsp;&nbsp;&nbsp;&nbsp;&nbsp;&nbsp;&nbsp;&nbsp;&nbsp;&nbsp;&nbsp;&nbsp;&nbsp;&nbsp;&nbsp;&nbsp;&nbsp;&nbsp;&nbsp;&nbsp;&nbsp;&nbsp;&nbsp;&nbsp;&nbsp;&nbsp;&nbsp;&nbsp;&nbsp;<br><em>A partir de la rentr\u00e9e prochaine, les s\u00e9ries de bac de la voie g\u00e9n\u00e9rale sont supprim\u00e9es. Les \u00e9l\u00e8ves de 2de choisissent les enseignements de sp\u00e9cialit\u00e9 qu\u2019ils suivront en 1re et terminale.<\/em> Les \u00e9l\u00e8ves suivent tous 2 langues vivantes :<\/p>\n\n\n\n<ul class=\"wp-block-list\"><li>LV1 :Anglais ou Allemand<\/li><li>LV2 :Anglais, Allemand, Espagnol.<\/li><\/ul>\n\n\n\n<p><strong>enseignements optionnels&nbsp;: (un au choix)<\/strong><br>En fonction de leur capacit\u00e9 de travail et de leurs centres d\u2019int\u00e9r\u00eats les \u00e9l\u00e8ves peuvent choisir un enseignement technologique. Cet enseignement optionnel permet \u00e0 l&rsquo;\u00e9l\u00e8ve de d\u00e9couvrir un domaine et\/ou d&rsquo;approfondir ces connaissances en vue d&rsquo;une orientation en fili\u00e8re \u00e0 dominante scientifique ou technologique.<\/p>\n\n\n\n<figure class=\"wp-block-table\"><table><thead><tr><th>Enseignements communs<\/th><th>Horaire<\/th><\/tr><\/thead><tbody><tr><td>Fran\u00e7ais<\/td><td>4 h<\/td><\/tr><tr><td>Histoire-g\u00e9ographie<\/td><td>3 h<\/td><\/tr><tr><td>Langue vivante 1 : Anglais ou Allemand<\/td><td>3 h<\/td><\/tr><tr><td>Langue vivante 2 : Anglais, Allemand, espagnol<\/td><td>2 h 30<\/td><\/tr><tr><td>Math\u00e9matiques<\/td><td>4 h 30<\/td><\/tr><tr><td>Physique-chimie<\/td><td>3 h<\/td><\/tr><tr><td>Sciences de la vie et de la terre<\/td><td>1 h 30<\/td><\/tr><tr><td><strong>Sciences num\u00e9riques et technologie<\/strong><\/td><td>1 h 30<\/td><\/tr><tr><td>\u00c9ducation physique et sportive<\/td><td>2 h<\/td><\/tr><tr><td>Enseignement moral et Civique<\/td><td>0 h 30<\/td><\/tr><tr><td>Accompagnement personnalis\u00e9<\/td><td>2 h<\/td><\/tr><\/tbody><\/table><\/figure>\n\n\n\n<figure class=\"wp-block-table\"><table><thead><tr><th>&nbsp;enseignement Optionnel<\/th><th>Horaire<\/th><\/tr><\/thead><tbody><tr><td>Sciences de l&rsquo;ing\u00e9nieur<\/td><td>1 h 30<\/td><\/tr><tr><td>Cr\u00e9ation et innovation technologique<\/td><td>1 h 30<\/td><\/tr><tr><td>Sciences et laboratoire<\/td><td>1 h 30<\/td><\/tr><tr><td>Biotechnologie<\/td><td>1 h 30<\/td><\/tr><tr><td>Cin\u00e9ma Audiovisuel<\/td><td>3 h 00<\/td><\/tr><tr><td>LV3&nbsp; &nbsp; &nbsp;Allemand<\/td><td>3 h 00<\/td><\/tr><\/tbody><\/table><\/figure>\n","protected":false},"excerpt":{"rendered":"<p>Enseignements communs et optionnels, accompagnement personnalis\u00e9, aide \u00e0 l\u2019orientation&#8230; tout sur le programme de seconde g\u00e9n\u00e9rale et technologique. Cette premi\u00e8re ann\u00e9e de lyc\u00e9e a pour objectif de permettre aux \u00e9l\u00e8ves de pr\u00e9parer et choisir leur voie en cycle terminal : technologique ou g\u00e9n\u00e9rale. &nbsp;&nbsp;&nbsp;&nbsp;&nbsp;&nbsp;&nbsp;&nbsp;&nbsp;&nbsp;&nbsp;&nbsp;&nbsp;&nbsp;&nbsp;&nbsp;&nbsp;&nbsp;&nbsp;&nbsp;&nbsp;&nbsp;&nbsp;&nbsp;&nbsp;&nbsp;&nbsp;&nbsp;&nbsp;&nbsp;&nbsp;&nbsp;&nbsp;&nbsp;&nbsp;&nbsp;&nbsp;&nbsp;&nbsp;&nbsp;&nbsp;&nbsp;&nbsp;&nbsp;&nbsp;&nbsp;&nbsp;&nbsp;&nbsp;&nbsp;&nbsp;&nbsp;&nbsp;&nbsp;&nbsp;&nbsp;&nbsp;&nbsp;&nbsp;&nbsp;&nbsp;&nbsp;&nbsp;&nbsp;&nbsp;&nbsp;&nbsp;&nbsp;&nbsp;&nbsp;&nbsp;&nbsp;&nbsp;&nbsp;&nbsp;&nbsp;&nbsp;&nbsp;&nbsp;&nbsp;&nbsp;&nbsp;&nbsp;&nbsp;&nbsp;&nbsp;&nbsp;&nbsp;&nbsp;&nbsp;&nbsp;&nbsp;&nbsp;A partir de la rentr\u00e9e prochaine, les s\u00e9ries de bac de la [&hellip;]<\/p>\n","protected":false},"author":1,"featured_media":0,"parent":0,"menu_order":0,"comment_status":"closed","ping_status":"closed","template":"","meta":{"footnotes":""},"class_list":["post-29","page","type-page","status-publish","hentry"],"blocksy_meta":[],"_links":{"self":[{"href":"https:\/\/www.lycee-pasteur.fr\/index.php?rest_route=\/wp\/v2\/pages\/29","targetHints":{"allow":["GET"]}}],"collection":[{"href":"https:\/\/www.lycee-pasteur.fr\/index.php?rest_route=\/wp\/v2\/pages"}],"about":[{"href":"https:\/\/www.lycee-pasteur.fr\/index.php?rest_route=\/wp\/v2\/types\/page"}],"author":[{"embeddable":true,"href":"https:\/\/www.lycee-pasteur.fr\/index.php?rest_route=\/wp\/v2\/users\/1"}],"replies":[{"embeddable":true,"href":"https:\/\/www.lycee-pasteur.fr\/index.php?rest_route=%2Fwp%2Fv2%2Fcomments&post=29"}],"version-history":[{"count":1,"href":"https:\/\/www.lycee-pasteur.fr\/index.php?rest_route=\/wp\/v2\/pages\/29\/revisions"}],"predecessor-version":[{"id":30,"href":"https:\/\/www.lycee-pasteur.fr\/index.php?rest_route=\/wp\/v2\/pages\/29\/revisions\/30"}],"wp:attachment":[{"href":"https:\/\/www.lycee-pasteur.fr\/index.php?rest_route=%2Fwp%2Fv2%2Fmedia&parent=29"}],"curies":[{"name":"wp","href":"https:\/\/api.w.org\/{rel}","templated":true}]}}