{"id":467,"date":"2023-02-01T17:38:00","date_gmt":"2023-02-01T16:38:00","guid":{"rendered":"https:\/\/www.lycee-pasteur.fr\/?page_id=467"},"modified":"2023-02-01T17:38:00","modified_gmt":"2023-02-01T16:38:00","slug":"metiers-des-etudes-et-de-la-modelisation-numerique-du-batiment","status":"publish","type":"page","link":"https:\/\/www.lycee-pasteur.fr\/?page_id=467","title":{"rendered":"M\u00e9tiers des \u00c9tudes et de la Mod\u00e9lisation Num\u00e9rique du B\u00e2timent"},"content":{"rendered":"\r\n\r\nLa seconde professionnelle sera organis\u00e9e par familles de m\u00e9tiers dans la plupart des domaines. Chacune d\u2019entre elles regroupant plusieurs sp\u00e9cialit\u00e9s du bac professionnel. Une mesure destin\u00e9e \u00e0 donner le temps et les connaissances n\u00e9cessaires pour choisir son m\u00e9tier.\r\n\r\n\r\n\r\n\r\n\r\nEn choisissant l&rsquo;une de ces neuf familles de m\u00e9tiers, votre enfant entrera dans une Seconde professionnelle commune \u00e0 plusieurs sp\u00e9cialit\u00e9s de bacs professionnels.\r\nCette nouvelle organisation lui permettra d&rsquo;acqu\u00e9rir les premi\u00e8res comp\u00e9tences professionnelles utiles dans un secteur, et lui laissera le temps de choisir la sp\u00e9cialit\u00e9 de son bac \u00e0 la fin de son ann\u00e9e de Seconde.\r\n\r\n\r\n\r\n\r\n\r\nAu lyc\u00e9e Pasteur\u00a0 trois\u00a0 familles de m\u00e9tiers\u00a0 peuvent\u00a0 \u00eatre abord\u00e9es.\r\n\r\n\r\n\r\n\r\n\r\nL\u2019orientation s\u2019effectue progressivement pendant l\u2019ann\u00e9e de seconde :\r\n\r\n\r\n\r\n\r\n\r\n=&gt;\u00a0Pour l\u2019entr\u00e9e en seconde,\u00a0tu choisis une famille de m\u00e9tiers\u00a0qui correspond au mieux \u00e0 tes envies.\r\n=&gt;\u00a0Pendant l\u2019ann\u00e9e de seconde\u00a0tu affines ton choix, en d\u00e9couvrant les sp\u00e9cialit\u00e9s associ\u00e9es \u00e0 cette famille de m\u00e9tiers (baccalaur\u00e9ats professionnels associ\u00e9s).\r\n=&gt;\u00a0A la fin de l\u2019ann\u00e9e de seconde,\u00a0tu t\u2019orientes vers la sp\u00e9cialit\u00e9 choisie, soit la pr\u00e9paration au bac professionnel pour lequel tu sera inscrit en premi\u00e8re.\r\n\r\n\r\n\r\n\r\n<h3 class=\"wp-block-heading\"><img decoding=\"async\" src=\"https:\/\/www.lycee-pasteur.fr\/images\/pasteur-62\/formations\/ensignement-pro\/Schema-parcours-professionnel-en-famille-de-metiers-choix-de-la-specialite.png\" alt=\"\" \/><\/h3>\r\n\r\n\r\n\r\n<h3 class=\"wp-block-heading\"><mark class=\"has-inline-color has-black-color\" style=\"background-color: #7bdcb5;\">M\u00e9tiers des \u00c9tudes et de la Mod\u00e9lisation Num\u00e9rique du B\u00e2timent<\/mark><\/h3>\r\n\r\n\r\n\r\n<figure class=\"wp-block-image alignright size-full is-resized is-style-rounded\"><img decoding=\"async\" class=\"wp-image-139\" src=\"https:\/\/lycee-pasteur.fr\/wp-content\/uploads\/2022\/07\/decoupe2-2MENB.png\" alt=\"\" width=\"-208\" height=\"-122\" srcset=\"https:\/\/www.lycee-pasteur.fr\/wp-content\/uploads\/2022\/07\/decoupe2-2MENB.png 706w, https:\/\/www.lycee-pasteur.fr\/wp-content\/uploads\/2022\/07\/decoupe2-2MENB-300x177.png 300w\" sizes=\"(max-width: 706px) 100vw, 706px\" \/><\/figure>\r\n\r\n\r\n\r\n\r\nLes enjeux de la famille des m\u00e9tiers des \u00e9tudes et de la mod\u00e9lisation num\u00e9rique du b\u00e2timent Cette famille de m\u00e9tiers couvre les activit\u00e9s de la ma\u00eetrise d\u2019ouvrage, ma\u00eetrise d\u2019\u0153uvre, des \u00e9tudes topographiques et techniques ainsi que celles des entreprises de l\u2019ensemble des corps d\u2019\u00e9tat du b\u00e2timent. Les m\u00e9tiers des \u00e9tudes et de la mod\u00e9lisation num\u00e9rique du b\u00e2timent \u00e9voluent tr\u00e8s fortement. Les diff\u00e9rentes t\u00e2ches professionnelles et les comp\u00e9tences fondamentales sont modifi\u00e9es par les transitions \u00e9cologique et num\u00e9rique, les transformations digitales, qui induisent des changements importants dans les diff\u00e9rentes phases de l\u2019acte de construire : du lev\u00e9 de terrain \u00e0 la r\u00e9ception des travaux. En lien avec le d\u00e9veloppement de la d\u00e9marche BIM collaborative (ou des jumeaux num\u00e9riques), l\u2019utilisation des outils num\u00e9riques et des logiciels professionnels se syst\u00e9matise. Les diff\u00e9rents niveaux de d\u00e9veloppement (ND2, ND3\u2026) du BIM serviront de rep\u00e8res \u00e0 la formation au travail collaboratif. Les supports d\u2019information utilis\u00e9s sont vari\u00e9s, tablettes et tables tactiles, supports digitaux avec des affichages immersifs 3D, casques \u00e0 affichage en r\u00e9alit\u00e9 augment\u00e9e, relev\u00e9 et contr\u00f4le de la qualit\u00e9 par scanners, GNSS et drones\u2026 Par ailleurs, tout acte de construction ou de r\u00e9novation doit s\u2019inscrire d\u00e9sormais dans une d\u00e9marche de d\u00e9veloppement durable.Tout projet sera d\u00e9velopp\u00e9 au sens de l\u2019\u00e9conomie circulaire et contribuera \u00e0 la responsabilisation des \u00e9l\u00e8ves face aux enjeux de la transition \u00e9cologique. L\u2019\u00e9volution rapide de cet environnement professionnel num\u00e9rique impose une veille technologique permanente afin de maintenir des formations pertinentes en ad\u00e9quation avec les emplois de ce secteur.\r\n\r\n\r\n\r\n\r\n\r\nLa 2de professionnelle\u00a0<strong>m\u00e9tiers des \u00e9tudes et de la mod\u00e9lisation num\u00e9rique du b\u00e2timent\u00a0<\/strong>regroupe les m\u00e9tiers concern\u00e9s par 4 grandes comp\u00e9tences professionnelles communes aux 3 sp\u00e9cialit\u00e9s de baccalaur\u00e9at professionnel :\r\n\r\n\r\n\r\n\r\n\r\nL&rsquo;\u00e9l\u00e8ve de cette 2de professionnelle pourra acqu\u00e9rir des comp\u00e9tences communes portant sur les capacit\u00e9s suivantes :\r\n\r\n\r\n\r\n\r\n<ul class=\"wp-block-list\">\r\n \t<li>S&rsquo;informer, communiquer : participer \u00e0 un collectif de travail, collecter et g\u00e9rer des informations, \u00e9laborer un document, utiliser les outils de communication&#8230;<\/li>\r\n \t<li>Analyser et pr\u00e9parer : analyser un dossier, proposer une solution \u00e0 un probl\u00e8me identifi\u00e9 ou \u00e9laborer une m\u00e9thode&#8230;<\/li>\r\n \t<li>Produire : effectuer un relev\u00e9 d&rsquo;ouvrages, effectuer des mesures, r\u00e9aliser des documents graphiques (dont DAO), conduire un calcul ou r\u00e9aliser un devis estimatif&#8230;<\/li>\r\n \t<li>Contr\u00f4ler : suivre la gestion du mat\u00e9riel ou la gestion \u00e9conomique du chantier, du projet ; v\u00e9rifier la conformit\u00e9 de sa prestation ou de l&rsquo;ouvrage&#8230;.<\/li>\r\n \t<li><\/li>\r\n<\/ul>\r\n\r\n\r\n\r\n<h5 class=\"wp-block-heading\">LES\u00a0 FORMATIONS\u00a0 ACCESSIBLES APRES\u00a0 LA SECONDE<\/h5>\r\n\r\n\r\n\r\n<ul class=\"wp-block-list\">\r\n \t<li><a href=\"https:\/\/www.onisep.fr\/Ressources\/Univers-Formation\/Formations\/Lycees\/bac-pro-technicien-d-etudes-du-batiment-option-a-etudes-et-economie\" target=\"_blank\" rel=\"noreferrer noopener\">Technicien d\u2019\u00e9tudes du b\u00e2timent option A \u00e9tudes et \u00e9conomie\u00a0<\/a>\u00a0 \u00a0(\u00a0 au\u00a0 lyc\u00e9e\u00a0 pasteur )<\/li>\r\n \t<li><a href=\"https:\/\/www.onisep.fr\/Ressources\/Univers-Formation\/Formations\/Lycees\/bac-pro-technicien-d-etudes-du-batiment-option-b-assistant-en-architecture\">Technicien d\u2019\u00e9tudes du b\u00e2timent option B assistant en architecture<\/a><\/li>\r\n \t<li><a href=\"https:\/\/www.onisep.fr\/Ressources\/Univers-Formation\/Formations\/Lycees\/bac-pro-technicien-geometre-topographe\" target=\"_blank\" rel=\"noreferrer noopener\">Technicien g\u00e9om\u00e8tre-topographe<\/a>\u00a0 \u00a0(\u00a0 au lyc\u00e9e\u00a0 pasteur )<\/li>\r\n<\/ul>\r\n\r\n\r\n\r\n\r\n&nbsp;\r\n\r\n","protected":false},"excerpt":{"rendered":"<p>La seconde professionnelle sera organis\u00e9e par familles de m\u00e9tiers dans la plupart des domaines. Chacune d\u2019entre elles regroupant plusieurs sp\u00e9cialit\u00e9s du bac professionnel. Une mesure destin\u00e9e \u00e0 donner le temps et les connaissances n\u00e9cessaires pour choisir son m\u00e9tier. En choisissant l&rsquo;une de ces neuf familles de m\u00e9tiers, votre enfant entrera dans une Seconde professionnelle commune [&hellip;]<\/p>\n","protected":false},"author":1,"featured_media":0,"parent":0,"menu_order":0,"comment_status":"closed","ping_status":"closed","template":"","meta":{"footnotes":""},"class_list":["post-467","page","type-page","status-publish","hentry"],"blocksy_meta":[],"_links":{"self":[{"href":"https:\/\/www.lycee-pasteur.fr\/index.php?rest_route=\/wp\/v2\/pages\/467","targetHints":{"allow":["GET"]}}],"collection":[{"href":"https:\/\/www.lycee-pasteur.fr\/index.php?rest_route=\/wp\/v2\/pages"}],"about":[{"href":"https:\/\/www.lycee-pasteur.fr\/index.php?rest_route=\/wp\/v2\/types\/page"}],"author":[{"embeddable":true,"href":"https:\/\/www.lycee-pasteur.fr\/index.php?rest_route=\/wp\/v2\/users\/1"}],"replies":[{"embeddable":true,"href":"https:\/\/www.lycee-pasteur.fr\/index.php?rest_route=%2Fwp%2Fv2%2Fcomments&post=467"}],"version-history":[{"count":1,"href":"https:\/\/www.lycee-pasteur.fr\/index.php?rest_route=\/wp\/v2\/pages\/467\/revisions"}],"predecessor-version":[{"id":469,"href":"https:\/\/www.lycee-pasteur.fr\/index.php?rest_route=\/wp\/v2\/pages\/467\/revisions\/469"}],"wp:attachment":[{"href":"https:\/\/www.lycee-pasteur.fr\/index.php?rest_route=%2Fwp%2Fv2%2Fmedia&parent=467"}],"curies":[{"name":"wp","href":"https:\/\/api.w.org\/{rel}","templated":true}]}}