{"id":49,"date":"2022-01-18T13:12:06","date_gmt":"2022-01-18T12:12:06","guid":{"rendered":"http:\/\/93.7.96.10\/?page_id=49"},"modified":"2022-01-18T13:12:06","modified_gmt":"2022-01-18T12:12:06","slug":"la-vie-scolaire","status":"publish","type":"page","link":"https:\/\/www.lycee-pasteur.fr\/?page_id=49","title":{"rendered":"LA VIE SCOLAIRE"},"content":{"rendered":"\n<div class=\"wp-block-image is-style-rounded\"><figure class=\"alignright\"><img decoding=\"async\" src=\"https:\/\/www.lycee-pasteur.fr\/images\/pasteur-62\/etablissement\/vie-scolaire.jpg\" alt=\"La vie scolaire Lyc\u00e9e Pasteur H\u00e9nin Beaumont\"\/><\/figure><\/div>\n\n\n\n<p>L\u2019\u00e9quipe Vie Scolaire est compos\u00e9e de quatre Conseillers principaux d\u2019\u00e9ducation (CPE) , deux en charge exclusivement de l&rsquo;externat et deux qui interviennent \u00e9galement sur l&rsquo;internat.Le Lyc\u00e9e Louis Pasteur est&nbsp; un Lyc\u00e9e Polyvalent qui accueille des formations d&rsquo;enseignements g\u00e9n\u00e9raux, technologiques, professionnels mais aussi des formations en post-bac.<\/p>\n\n\n\n<p>Les CPE sont aid\u00e9s d&rsquo;une \u00e9quipe de 13 assistants d&rsquo;\u00e9ducation dont les missions peuvent \u00eatre r\u00e9parties sur l&rsquo;externat et l&rsquo;internat.<\/p>\n\n\n\n<p>Cette \u00e9quipe assure l\u2019encadrement et contribue \u00e0 la r\u00e9ussite de chaque \u00e9l\u00e8ve ainsi qu\u2019\u00e0 son \u00e9panouissement de diverses fa\u00e7ons :<\/p>\n\n\n\n<ul class=\"wp-block-list\"><li>suivi de la ponctualit\u00e9 et de l\u2019assiduit\u00e9<\/li><li>prise en charge particuli\u00e8re des classes de seconde,<\/li><li>accompagnement et suivi personnalis\u00e9 tout au long de l\u2019ann\u00e9e,<\/li><li>actions citoyennes mises en place en collaboration avec les \u00e9l\u00e8ves (Journ\u00e9e contre le Sida, T\u00e9l\u00e9thon),<\/li><li>animation de la Maison des Lyc\u00e9ens (MDL) avec des activit\u00e9s culturelles telles que le club guitare, percussion, \u00e9checs.<\/li><li>mise en place d\u2019activit\u00e9s culturelles et sportives pour les \u00e9l\u00e8ves internes.<\/li><\/ul>\n\n\n\n<p>Les bureaux de la Vie Scolaire se situent dans le hall d\u2019entr\u00e9e principal et sont accessibles aux \u00e9l\u00e8ves et \u00e0 leur famille tous les jours de 7 h 30 \u00e0 18 h pour les motifs suivants :<\/p>\n\n\n\n<ul class=\"wp-block-list\"><li>justification des retards et absences,<\/li><li>prise de rendez-vous avec les Conseillers d\u2019orientation psychologues,<\/li><li>d\u00e9livrance de divers documents administratifs (certificats de scolarit\u00e9&#8230;),<\/li><li>demande d\u2019informations concernant le quotidien de l\u2019\u00e9tablissement,<\/li><li>rencontre avec les CPE.<\/li><\/ul>\n","protected":false},"excerpt":{"rendered":"<p>L\u2019\u00e9quipe Vie Scolaire est compos\u00e9e de quatre Conseillers principaux d\u2019\u00e9ducation (CPE) , deux en charge exclusivement de l&rsquo;externat et deux qui interviennent \u00e9galement sur l&rsquo;internat.Le Lyc\u00e9e Louis Pasteur est&nbsp; un Lyc\u00e9e Polyvalent qui accueille des formations d&rsquo;enseignements g\u00e9n\u00e9raux, technologiques, professionnels mais aussi des formations en post-bac. Les CPE sont aid\u00e9s d&rsquo;une \u00e9quipe de 13 assistants [&hellip;]<\/p>\n","protected":false},"author":1,"featured_media":0,"parent":0,"menu_order":0,"comment_status":"closed","ping_status":"closed","template":"","meta":{"footnotes":""},"class_list":["post-49","page","type-page","status-publish","hentry"],"blocksy_meta":[],"_links":{"self":[{"href":"https:\/\/www.lycee-pasteur.fr\/index.php?rest_route=\/wp\/v2\/pages\/49","targetHints":{"allow":["GET"]}}],"collection":[{"href":"https:\/\/www.lycee-pasteur.fr\/index.php?rest_route=\/wp\/v2\/pages"}],"about":[{"href":"https:\/\/www.lycee-pasteur.fr\/index.php?rest_route=\/wp\/v2\/types\/page"}],"author":[{"embeddable":true,"href":"https:\/\/www.lycee-pasteur.fr\/index.php?rest_route=\/wp\/v2\/users\/1"}],"replies":[{"embeddable":true,"href":"https:\/\/www.lycee-pasteur.fr\/index.php?rest_route=%2Fwp%2Fv2%2Fcomments&post=49"}],"version-history":[{"count":1,"href":"https:\/\/www.lycee-pasteur.fr\/index.php?rest_route=\/wp\/v2\/pages\/49\/revisions"}],"predecessor-version":[{"id":50,"href":"https:\/\/www.lycee-pasteur.fr\/index.php?rest_route=\/wp\/v2\/pages\/49\/revisions\/50"}],"wp:attachment":[{"href":"https:\/\/www.lycee-pasteur.fr\/index.php?rest_route=%2Fwp%2Fv2%2Fmedia&parent=49"}],"curies":[{"name":"wp","href":"https:\/\/api.w.org\/{rel}","templated":true}]}}