{"id":51,"date":"2022-01-18T13:13:04","date_gmt":"2022-01-18T12:13:04","guid":{"rendered":"http:\/\/93.7.96.10\/?page_id=51"},"modified":"2023-02-01T14:54:01","modified_gmt":"2023-02-01T13:54:01","slug":"le-centre-de-documentation-et-dinformation-cdi","status":"publish","type":"page","link":"https:\/\/www.lycee-pasteur.fr\/?page_id=51","title":{"rendered":"LE CENTRE DE DOCUMENTATION ET D&rsquo;INFORMATION (CDI)"},"content":{"rendered":"\r\n<div class=\"wp-block-image is-style-rounded\">\r\n<figure class=\"alignright\"><img loading=\"lazy\" decoding=\"async\" class=\"\" src=\"https:\/\/www.lycee-pasteur.fr\/wp-content\/uploads\/2023\/02\/DSCF5414-scaled.jpg\" alt=\"Le CDI Lyc\u00e9e Pasteur H\u00e9nin Beaumont\" width=\"623\" height=\"415\" \/><\/figure>\r\n<\/div>\r\n\r\n\r\n\r\n<p>Le CDI est ouvert \u00e0 tous les membres de la communaut\u00e9 \u00e9ducative du lyc\u00e9e et \u00e0 l\u2019ensemble des \u00e9l\u00e8ves du lyc\u00e9e professionnel et du lyc\u00e9e polyvalent, du CAP au BTS.<\/p>\r\n\r\n\r\n\r\n<p>Il est g\u00e9r\u00e9 par deux professeurs documentalistes, il est ouvert de 8 h \u00e0 17 h.<\/p>\r\n\r\n\r\n\r\n<h3 class=\"wp-block-heading\">Le fonds documentaire<\/h3>\r\n\r\n\r\n\r\n<p>Diversifi\u00e9 et enrichi chaque ann\u00e9e, il r\u00e9pond \u00e0 la demande des \u00e9l\u00e8ves et des enseignants. La pluralit\u00e9 des documents propos\u00e9s correspond \u00e0 la n\u00e9cessit\u00e9 de d\u00e9velopper l\u2019esprit critique \u00e0 l\u2019\u00e9gard des sources d\u2019information.<\/p>\r\n\r\n\r\n\r\n<p>Un rayon cons\u00e9quent consacr\u00e9 aux nouvelles technologies dans le domaine du b\u00e2timent et de l\u2019\u00e9nergie : le d\u00e9veloppement durable, l\u2019\u00e9co-construction, les \u00e9nergies renouvelables.<\/p>\r\n\r\n\r\n\r\n<p>61 abonnements : revues d\u2019actualit\u00e9, de sciences, d\u2019informatique, de litt\u00e9rature, de g\u00e9ographie, de sports.<\/p>\r\n\r\n\r\n\r\n<p>Les bandes-dessin\u00e9es et les mangas sont \u00e0 l\u2019honneur : plus de mille ouvrages destin\u00e9s au plaisir de la lecture. \u00a0<\/p>\r\n\r\n\r\n\r\n<p>Consulter, rechercher, r\u00e9server des documents dans la base documentaire est d\u00e9sormais possible &#8211; Rendez-vous sur le portail du CDI :<\/p>\r\n<p><a href=\"http:\/\/0620191w.esidoc.fr\/\" target=\"_blank\" rel=\"noreferrer noopener\"><img loading=\"lazy\" decoding=\"async\" class=\"wp-image-364 aligncenter\" src=\"http:\/\/93.7.96.10\/wp-content\/uploads\/2022\/12\/CaptureCDI-300x143.png\" alt=\"\" width=\"608\" height=\"290\" srcset=\"https:\/\/www.lycee-pasteur.fr\/wp-content\/uploads\/2022\/12\/CaptureCDI-300x143.png 300w, https:\/\/www.lycee-pasteur.fr\/wp-content\/uploads\/2022\/12\/CaptureCDI-1024x490.png 1024w, https:\/\/www.lycee-pasteur.fr\/wp-content\/uploads\/2022\/12\/CaptureCDI-768x367.png 768w, https:\/\/www.lycee-pasteur.fr\/wp-content\/uploads\/2022\/12\/CaptureCDI-1536x735.png 1536w, https:\/\/www.lycee-pasteur.fr\/wp-content\/uploads\/2022\/12\/CaptureCDI.png 1660w\" sizes=\"auto, (max-width: 608px) 100vw, 608px\" \/><\/a><\/p>\r\n<p>&nbsp;<\/p>\r\n\r\n\r\n\r\n<h3 class=\"wp-block-heading\">\u00a0Pourquoi venir au CDI ?<\/h3>\r\n\r\n\r\n\r\n<p>En dehors des heures o\u00f9 les \u00e9l\u00e8ves viennent dans le cadre d\u2019un partenariat avec un de leurs professeurs, les \u00e9l\u00e8ves sont encourag\u00e9s \u00e0 venir au CDI pour lire, faire des recherches documentaires, emprunter des ouvrages ou s\u2019informer sur leur orientation.<\/p>\r\n\r\n\r\n\r\n<h3 class=\"wp-block-heading\">\u00a0Le CDI se d\u00e9finit comme \u2026<\/h3>\r\n\r\n\r\n\r\n<p><strong>Un lieu de vie<\/strong><br \/>Le CDI est un espace convivial o\u00f9 les \u00e9l\u00e8ves apprennent \u00e0 \u00e9voluer dans le respect de l\u2019autre. Afin que chacun puisse y trouver les conditions id\u00e9ales de travail ou de lecture, un r\u00e8glement interne au CDI instaure quelques r\u00e8gles de vie.<\/p>\r\n\r\n\r\n\r\n<p><strong>Un espace de formation \u00e0 la ma\u00eetrise de l\u2019information<\/strong><br \/>Le CDI est un lieu o\u00f9 les ressources documentaires sont regroup\u00e9es et organis\u00e9es dans le but de favoriser l\u2019autonomie des \u00e9l\u00e8ves dans leur recherche d\u2019information. C\u2019est \u00e9galement un lieu de formation \u00e0 la recherche documentaire sur papier et num\u00e9rique. Cette formation s\u2019inscrit principalement dans le cadre des TPE (Travaux personnels encadr\u00e9s) et de la pr\u00e9paration d\u2019expos\u00e9s en fran\u00e7ais et en EMC.<\/p>\r\n\r\n\r\n\r\n<p><strong>Un espace de formation aux Technologies de l\u2019Information et de la Communication<\/strong><br \/>Le CDI offre l\u2019acc\u00e8s \u00e0 un espace multim\u00e9dia. L\u2019utilisation des postes informatiques est exclusivement r\u00e9serv\u00e9e \u00e0 des fins p\u00e9dagogiques, \u00e9ducatives et culturelles. Les professeurs documentalistes assurent les formations d\u2019apprentissage aux strat\u00e9gies de recherche d\u2019information sur Internet.<\/p>\r\n\r\n\r\n\r\n<p><strong>Un espace de lecture et d\u2019ouverture culturelle<\/strong><br \/>Le CDI est le lieu privil\u00e9gi\u00e9 des expositions notamment de valorisation des travaux d\u2019\u00e9l\u00e8ves. Il est le lieu de rencontres : avec des \u00e9crivains, des journalistes, des com\u00e9diens. Il est l\u2019espace propice \u00e0 la r\u00e9alisation de projets culturels interdisciplinaires : Lyc\u00e9ens au cin\u00e9ma, Chroniques lyc\u00e9ennes (critiques musicales), semaine de la presse \u2026.<\/p>\r\n","protected":false},"excerpt":{"rendered":"<p>Le CDI est ouvert \u00e0 tous les membres de la communaut\u00e9 \u00e9ducative du lyc\u00e9e et \u00e0 l\u2019ensemble des \u00e9l\u00e8ves du lyc\u00e9e professionnel et du lyc\u00e9e polyvalent, du CAP au BTS. Il est g\u00e9r\u00e9 par deux professeurs documentalistes, il est ouvert de 8 h \u00e0 17 h. Le fonds documentaire Diversifi\u00e9 et enrichi chaque ann\u00e9e, il [&hellip;]<\/p>\n","protected":false},"author":1,"featured_media":0,"parent":0,"menu_order":0,"comment_status":"closed","ping_status":"closed","template":"","meta":{"footnotes":""},"class_list":["post-51","page","type-page","status-publish","hentry"],"blocksy_meta":[],"_links":{"self":[{"href":"https:\/\/www.lycee-pasteur.fr\/index.php?rest_route=\/wp\/v2\/pages\/51","targetHints":{"allow":["GET"]}}],"collection":[{"href":"https:\/\/www.lycee-pasteur.fr\/index.php?rest_route=\/wp\/v2\/pages"}],"about":[{"href":"https:\/\/www.lycee-pasteur.fr\/index.php?rest_route=\/wp\/v2\/types\/page"}],"author":[{"embeddable":true,"href":"https:\/\/www.lycee-pasteur.fr\/index.php?rest_route=\/wp\/v2\/users\/1"}],"replies":[{"embeddable":true,"href":"https:\/\/www.lycee-pasteur.fr\/index.php?rest_route=%2Fwp%2Fv2%2Fcomments&post=51"}],"version-history":[{"count":11,"href":"https:\/\/www.lycee-pasteur.fr\/index.php?rest_route=\/wp\/v2\/pages\/51\/revisions"}],"predecessor-version":[{"id":360,"href":"https:\/\/www.lycee-pasteur.fr\/index.php?rest_route=\/wp\/v2\/pages\/51\/revisions\/360"}],"wp:attachment":[{"href":"https:\/\/www.lycee-pasteur.fr\/index.php?rest_route=%2Fwp%2Fv2%2Fmedia&parent=51"}],"curies":[{"name":"wp","href":"https:\/\/api.w.org\/{rel}","templated":true}]}}