{"id":55,"date":"2022-01-18T13:16:17","date_gmt":"2022-01-18T12:16:17","guid":{"rendered":"http:\/\/93.7.96.10\/?page_id=55"},"modified":"2023-02-02T10:32:26","modified_gmt":"2023-02-02T09:32:26","slug":"conseillers-dorientation-psychologues","status":"publish","type":"page","link":"https:\/\/www.lycee-pasteur.fr\/?page_id=55","title":{"rendered":"PSYCHOLOGUES DE L&rsquo;EDUCATION NATIONALE"},"content":{"rendered":"\r\n<figure class=\"wp-block-image alignright is-resized is-style-rounded\"><img loading=\"lazy\" decoding=\"async\" src=\"https:\/\/www.lycee-pasteur.fr\/wp-content\/uploads\/2023\/02\/20230202_085221.jpg\" alt=\"Orientation Lyc\u00e9e Pasteur H\u00e9nin Beaumont\" width=\"459\" height=\"191\" \/><\/figure>\r\n\r\n\r\n\r\n<p>Les psychologues de l&rsquo;Education Nationale (Psy-EN) accompagnent les \u00e9l\u00e8ves dans la construction des comp\u00e9tences \u00e0 s&rsquo;orienter tout au long de la vie. Ils assurent et coordonnent l&rsquo;organisation de l&rsquo;information des \u00e9l\u00e8ves sur la connaissance de soi, des m\u00e9tiers et des formations, en lien avec les \u00e9quipes \u00e9ducatives. Parmi leurs principales missions ils :<\/p>\r\n\r\n\r\n\r\n<ul class=\"wp-block-list\">\r\n<li>Assurent l&rsquo;information des \u00e9l\u00e8ves et de leurs familles<\/li>\r\n<li>Contribuent \u00e0 l&rsquo;observation continue des \u00e9l\u00e8ves<\/li>\r\n<li>Contribuent \u00e0 la mise en \u0153uvre des conditions de la r\u00e9ussite scolaire des \u00e9l\u00e8ves<\/li>\r\n<li>Participent \u00e0 l&rsquo;\u00e9laboration ainsi qu&rsquo;\u00e0 la r\u00e9alisation des projets scolaires et professionnels des \u00e9l\u00e8ves et des \u00e9tudiants en formation initiale afin de satisfaire au droit des int\u00e9ress\u00e9s au conseil et \u00e0 l&rsquo;information sur les enseignements et les professions<\/li>\r\n<\/ul>\r\n\r\n\r\n\r\n<p>Les Psy-EN sont pr\u00e9sents sur le lyc\u00e9e Pasteur le mardi toute la journ\u00e9e de 8h \u00e0 17h30.Les rendez-vous se prennent aupr\u00e8s du bureau de la vis scolaire . Il est \u00e9galement possible de les rencontrer lors de leurs permanences au CIO de H\u00e9nin Beaumont (163 rue Roger Salengro &#8211; 62110 H\u00e9nin Beaumont) toute l&rsquo;ann\u00e9e y compris pendant les cong\u00e9s scolaires.<\/p>\r\n","protected":false},"excerpt":{"rendered":"<p>Les psychologues de l&rsquo;Education Nationale (Psy-EN) accompagnent les \u00e9l\u00e8ves dans la construction des comp\u00e9tences \u00e0 s&rsquo;orienter tout au long de la vie. Ils assurent et coordonnent l&rsquo;organisation de l&rsquo;information des \u00e9l\u00e8ves sur la connaissance de soi, des m\u00e9tiers et des formations, en lien avec les \u00e9quipes \u00e9ducatives. Parmi leurs principales missions ils : Assurent l&rsquo;information [&hellip;]<\/p>\n","protected":false},"author":1,"featured_media":0,"parent":0,"menu_order":0,"comment_status":"closed","ping_status":"closed","template":"","meta":{"footnotes":""},"class_list":["post-55","page","type-page","status-publish","hentry"],"blocksy_meta":[],"_links":{"self":[{"href":"https:\/\/www.lycee-pasteur.fr\/index.php?rest_route=\/wp\/v2\/pages\/55","targetHints":{"allow":["GET"]}}],"collection":[{"href":"https:\/\/www.lycee-pasteur.fr\/index.php?rest_route=\/wp\/v2\/pages"}],"about":[{"href":"https:\/\/www.lycee-pasteur.fr\/index.php?rest_route=\/wp\/v2\/types\/page"}],"author":[{"embeddable":true,"href":"https:\/\/www.lycee-pasteur.fr\/index.php?rest_route=\/wp\/v2\/users\/1"}],"replies":[{"embeddable":true,"href":"https:\/\/www.lycee-pasteur.fr\/index.php?rest_route=%2Fwp%2Fv2%2Fcomments&post=55"}],"version-history":[{"count":5,"href":"https:\/\/www.lycee-pasteur.fr\/index.php?rest_route=\/wp\/v2\/pages\/55\/revisions"}],"predecessor-version":[{"id":304,"href":"https:\/\/www.lycee-pasteur.fr\/index.php?rest_route=\/wp\/v2\/pages\/55\/revisions\/304"}],"wp:attachment":[{"href":"https:\/\/www.lycee-pasteur.fr\/index.php?rest_route=%2Fwp%2Fv2%2Fmedia&parent=55"}],"curies":[{"name":"wp","href":"https:\/\/api.w.org\/{rel}","templated":true}]}}