{"id":57,"date":"2022-01-18T13:17:01","date_gmt":"2022-01-18T12:17:01","guid":{"rendered":"http:\/\/93.7.96.10\/?page_id=57"},"modified":"2023-02-02T11:00:29","modified_gmt":"2023-02-02T10:00:29","slug":"le-service-medico-social","status":"publish","type":"page","link":"https:\/\/www.lycee-pasteur.fr\/?page_id=57","title":{"rendered":"LE SERVICE M\u00c9DICO-SOCIAL"},"content":{"rendered":"\r\n<h3 class=\"wp-block-heading\">Le service social<\/h3>\r\n\r\n\r\n\r\n<div class=\"wp-block-image is-style-rounded\">\r\n<figure class=\"alignright is-resized\"><img loading=\"lazy\" decoding=\"async\" class=\"\" src=\"https:\/\/www.lycee-pasteur.fr\/wp-content\/uploads\/2023\/02\/20230202_083521-scaled.jpg\" alt=\"infirmerie Louis Pasteur H\u00e9nin Beaumont\" width=\"206\" height=\"458\" \/><\/figure>\r\n\r\n\r\n\r\n\r\n\r\n<p>L&rsquo;assistante sociale scolaire assure aupr\u00e8s des \u00e9l\u00e8ves ayant des difficult\u00e9s d&rsquo;ordre familial, personnel, d&rsquo;adaptation ou en situation d&rsquo;handicap : un r\u00f4le d&rsquo;\u00e9coute, d&rsquo;accompagnement, d&rsquo;aide et\/ou d&rsquo;orientation vers d&rsquo;autres services ou structures.<\/p>\r\n\r\n\r\n\r\n<p>Elle assure le lien entre l&rsquo;\u00e9tablissement scolaire et les structures ext\u00e9rieures. Elle peut \u00eatre jointe\u00a0 par t\u00e9l\u00e9phone au 03 21 08 86 00 et re\u00e7oit de pr\u00e9f\u00e9rence sur rendez-vous.<\/p>\r\n\r\n\r\n\r\n<p>L&rsquo;assistante sociale peut instruire des dossiers d&rsquo;aides financi\u00e8re (bourses, fonds social lyc\u00e9en) pour les familles qui ne peuvent pas r\u00e9gler la totalit\u00e9 des frais (restauration scolaire, frais d&rsquo;h\u00e9bergement).<\/p>\r\n\r\n\r\n\r\n<h3 class=\"wp-block-heading\">Le service m\u00e9dical<\/h3>\r\n\r\n\r\n\r\n<p>L&rsquo;infirmi\u00e8re a de nombreuses missions : accueil, \u00e9coute, soins, &#8230; Elle assure le suivi m\u00e9dical de tous les \u00e9l\u00e8ves (les \u00e9l\u00e8ves qui ont un traitement m\u00e9dical doivent obligatoirement apporter une copie de l&rsquo;ordonnance et le traitement). Elle m\u00e8ne des actions d&rsquo;\u00e9ducation \u00e0 la sant\u00e9.<\/p>\r\n\r\n\r\n\r\n<p>Elle se tient \u00e0 la disposition des familles pour toutes questions relatives \u00e0 la sant\u00e9 (pathologies, traitements, contraception, suivis psychologiques, prises en charge ext\u00e9rieures, ..). Elle peut \u00eatre jointe par t\u00e9l\u00e9phone au 03 21 08 86 00<\/p>\r\n\r\n\r\n\r\n<p>Avec le m\u00e9decin scolaire, elle organise et r\u00e9alise le suivi de l&rsquo;\u00e9tat de sant\u00e9 des \u00e9l\u00e8ves. Pour chaque \u00e9l\u00e8ve dont la sant\u00e9 n\u00e9cessite un suivi particulier, un PAI (Projet d&rsquo;Accueil Individualis\u00e9) est mis en place.<\/p>\r\n<\/div>","protected":false},"excerpt":{"rendered":"<p>Le service social L&rsquo;assistante sociale scolaire assure aupr\u00e8s des \u00e9l\u00e8ves ayant des difficult\u00e9s d&rsquo;ordre familial, personnel, d&rsquo;adaptation ou en situation d&rsquo;handicap : un r\u00f4le d&rsquo;\u00e9coute, d&rsquo;accompagnement, d&rsquo;aide et\/ou d&rsquo;orientation vers d&rsquo;autres services ou structures. Elle assure le lien entre l&rsquo;\u00e9tablissement scolaire et les structures ext\u00e9rieures. Elle peut \u00eatre jointe\u00a0 par t\u00e9l\u00e9phone au 03 21 08 [&hellip;]<\/p>\n","protected":false},"author":1,"featured_media":0,"parent":0,"menu_order":0,"comment_status":"closed","ping_status":"closed","template":"","meta":{"footnotes":""},"class_list":["post-57","page","type-page","status-publish","hentry"],"blocksy_meta":[],"_links":{"self":[{"href":"https:\/\/www.lycee-pasteur.fr\/index.php?rest_route=\/wp\/v2\/pages\/57","targetHints":{"allow":["GET"]}}],"collection":[{"href":"https:\/\/www.lycee-pasteur.fr\/index.php?rest_route=\/wp\/v2\/pages"}],"about":[{"href":"https:\/\/www.lycee-pasteur.fr\/index.php?rest_route=\/wp\/v2\/types\/page"}],"author":[{"embeddable":true,"href":"https:\/\/www.lycee-pasteur.fr\/index.php?rest_route=\/wp\/v2\/users\/1"}],"replies":[{"embeddable":true,"href":"https:\/\/www.lycee-pasteur.fr\/index.php?rest_route=%2Fwp%2Fv2%2Fcomments&post=57"}],"version-history":[{"count":9,"href":"https:\/\/www.lycee-pasteur.fr\/index.php?rest_route=\/wp\/v2\/pages\/57\/revisions"}],"predecessor-version":[{"id":500,"href":"https:\/\/www.lycee-pasteur.fr\/index.php?rest_route=\/wp\/v2\/pages\/57\/revisions\/500"}],"wp:attachment":[{"href":"https:\/\/www.lycee-pasteur.fr\/index.php?rest_route=%2Fwp%2Fv2%2Fmedia&parent=57"}],"curies":[{"name":"wp","href":"https:\/\/api.w.org\/{rel}","templated":true}]}}