{"id":59,"date":"2022-01-18T13:18:15","date_gmt":"2022-01-18T12:18:15","guid":{"rendered":"http:\/\/93.7.96.10\/?page_id=59"},"modified":"2023-02-01T15:23:23","modified_gmt":"2023-02-01T14:23:23","slug":"la-maison-des-lyceens","status":"publish","type":"page","link":"https:\/\/www.lycee-pasteur.fr\/?page_id=59","title":{"rendered":"LA MAISON DES LYC\u00c9ENS"},"content":{"rendered":"\r\n<div class=\"wp-block-image is-style-rounded\">\r\n<figure class=\"alignright\"><img loading=\"lazy\" decoding=\"async\" class=\"\" src=\"https:\/\/www.lycee-pasteur.fr\/wp-content\/uploads\/2023\/02\/DSCF5373-scaled.jpg\" alt=\"Maison des lyc\u00e9ens lyc\u00e9e Louis Pasteur H\u00e9nin Beaumont\" width=\"369\" height=\"553\" \/><\/figure>\r\n<\/div>\r\n\r\n\r\n\r\n<p>La Maison des Lyc\u00e9ens est une structure r\u00e9gie par la loi de 1901, \u00e9tablie au sein de l\u2019\u00e9tablissement scolaire et soumise \u00e0 son r\u00e8glement. Son inscription est gratuite pour l\u2019ensemble des \u00e9l\u00e8ves de l\u2019\u00e9tablissement. Sa gestion est assur\u00e9e par un assistant d\u2019\u00e9ducation aid\u00e9 par des \u00e9l\u00e8ves actifs qui \u00e9lisent un bureau constitu\u00e9 de 6 membres : pr\u00e9sident, secr\u00e9taire, tr\u00e9sorier et leurs suppl\u00e9ants.<\/p>\r\n\r\n\r\n\r\n<h3 class=\"wp-block-heading\">Pr\u00e9sentation<\/h3>\r\n\r\n\r\n\r\n<p>La MDL est avant tout :<\/p>\r\n\r\n\r\n\r\n<ul class=\"wp-block-list\">\r\n<li>un espace d\u2019accueil et de repos durant les heures libres en compl\u00e9ment de la salle d\u2019\u00e9tude (Permanence) et du Centre de Documentation et d\u2019Information (CDI),<\/li>\r\n<li>un espace de loisirs gr\u00e2ce aux jeux mis \u00e0 la disposition des \u00e9l\u00e8ves et l\u2019acc\u00e8s \u00e0 un mat\u00e9riel audiovisuel et Hifi,<\/li>\r\n<li>un espace culturel et d\u2019\u00e9change gr\u00e2ce aux diff\u00e9rentes activit\u00e9s propos\u00e9es, anim\u00e9es par les \u00e9l\u00e8ves actifs et\/ou des assistants d\u2019\u00e9ducation.<\/li>\r\n<\/ul>\r\n\r\n\r\n\r\n<h3 class=\"wp-block-heading\">Qu\u2019est-ce qu\u2019un \u00e9l\u00e8ve actif ?<\/h3>\r\n\r\n\r\n\r\n<p>Un \u00e9l\u00e8ve actif choisit de consacrer une partie de son temps libre \u00e0 l\u2019animation et l\u2019encadrement de la Maison des Lyc\u00e9ens. Il a pour mission d\u2019accueillir les autres \u00e9l\u00e8ves et de veiller \u00e0 leur bien-\u00eatre. Il peut aussi animer les activit\u00e9s ou y participer. Pour devenir actif, il suffit de s\u2019adresser \u00e0 l\u2019assistant d\u2019\u00e9ducation en charge du lieu, d\u2019\u00e9crire une lettre de motivation sous r\u00e9serve d\u2019acceptation de l\u2019\u00e9quipe de Vie Scolaire. Il est \u00e9videmment attendu de sa part une attitude exemplaire vis-\u00e0-vis de l\u2019ensemble de la communaut\u00e9 lyc\u00e9enne.<\/p>\r\n\r\n\r\n\r\n<h3 class=\"wp-block-heading\">LE CONSEIL DE VIE LYC\u00c9ENNE (CVL)<\/h3>\r\n\r\n\r\n\r\n<p><strong>Composition :<\/strong>\u00a0le Conseil de vie lyc\u00e9enne (CVL) est une instance importante de la vie quotidienne au sein d\u2019un lyc\u00e9e. En effet , le Conseil de vie lyc\u00e9enne, compos\u00e9 de dix \u00e9lus lyc\u00e9ens, est charg\u00e9 de synth\u00e9tiser les attentes et les pr\u00e9occupations des lyc\u00e9ens afin de les transmettre \u00e0 l\u2019ensemble de la communaut\u00e9 \u00e9ducative.<\/p>\r\n\r\n\r\n\r\n<p><strong>Objectifs\u00a0<\/strong>: cette instance a pour but d\u2019am\u00e9liorer la vie quotidienne dans l\u2019\u00e9tablissement. Deux cas se pr\u00e9sentent :<br \/>&#8211; soit le projet ressort d\u2019un besoin et\/ou d\u2019une demande des lyc\u00e9ens,<br \/>&#8211; soit le projet est enti\u00e8rement con\u00e7u par les \u00e9lus du Conseil de vie lyc\u00e9enne.<br \/>Dans les deux cas, plusieurs r\u00e9unions sont organis\u00e9es pour pr\u00e9senter des id\u00e9es, proposer des actions et formaliser le projet. Gr\u00e2ce au CVL, les lyc\u00e9ens disposent d\u2019un v\u00e9ritable moyen d\u2019expression.<\/p>\r\n","protected":false},"excerpt":{"rendered":"<p>La Maison des Lyc\u00e9ens est une structure r\u00e9gie par la loi de 1901, \u00e9tablie au sein de l\u2019\u00e9tablissement scolaire et soumise \u00e0 son r\u00e8glement. Son inscription est gratuite pour l\u2019ensemble des \u00e9l\u00e8ves de l\u2019\u00e9tablissement. Sa gestion est assur\u00e9e par un assistant d\u2019\u00e9ducation aid\u00e9 par des \u00e9l\u00e8ves actifs qui \u00e9lisent un bureau constitu\u00e9 de 6 membres [&hellip;]<\/p>\n","protected":false},"author":1,"featured_media":0,"parent":0,"menu_order":0,"comment_status":"closed","ping_status":"closed","template":"","meta":{"footnotes":""},"class_list":["post-59","page","type-page","status-publish","hentry"],"blocksy_meta":[],"_links":{"self":[{"href":"https:\/\/www.lycee-pasteur.fr\/index.php?rest_route=\/wp\/v2\/pages\/59","targetHints":{"allow":["GET"]}}],"collection":[{"href":"https:\/\/www.lycee-pasteur.fr\/index.php?rest_route=\/wp\/v2\/pages"}],"about":[{"href":"https:\/\/www.lycee-pasteur.fr\/index.php?rest_route=\/wp\/v2\/types\/page"}],"author":[{"embeddable":true,"href":"https:\/\/www.lycee-pasteur.fr\/index.php?rest_route=\/wp\/v2\/users\/1"}],"replies":[{"embeddable":true,"href":"https:\/\/www.lycee-pasteur.fr\/index.php?rest_route=%2Fwp%2Fv2%2Fcomments&post=59"}],"version-history":[{"count":4,"href":"https:\/\/www.lycee-pasteur.fr\/index.php?rest_route=\/wp\/v2\/pages\/59\/revisions"}],"predecessor-version":[{"id":454,"href":"https:\/\/www.lycee-pasteur.fr\/index.php?rest_route=\/wp\/v2\/pages\/59\/revisions\/454"}],"wp:attachment":[{"href":"https:\/\/www.lycee-pasteur.fr\/index.php?rest_route=%2Fwp%2Fv2%2Fmedia&parent=59"}],"curies":[{"name":"wp","href":"https:\/\/api.w.org\/{rel}","templated":true}]}}