{"id":62,"date":"2022-01-18T13:20:15","date_gmt":"2022-01-18T12:20:15","guid":{"rendered":"http:\/\/93.7.96.10\/?page_id=62"},"modified":"2022-01-18T13:20:20","modified_gmt":"2022-01-18T12:20:20","slug":"voyages-et-stages-a-letranger","status":"publish","type":"page","link":"https:\/\/www.lycee-pasteur.fr\/?page_id=62","title":{"rendered":"VOYAGES ET STAGES \u00c0 L&rsquo;\u00c9TRANGER"},"content":{"rendered":"\n<div class=\"wp-block-image is-style-rounded\"><figure class=\"alignright is-resized\"><img loading=\"lazy\" decoding=\"async\" src=\"https:\/\/www.lycee-pasteur.fr\/images\/pasteur-62\/vie-lyceenne\/etranger-1.jpg\" alt=\"Voyages \u00e0 l'\u00e9tranger lyc\u00e9e Louis Pasteur H\u00e9nin Beaumont\" width=\"361\" height=\"362\"\/><\/figure><\/div>\n\n\n\n<p>Chaque ann\u00e9e, plusieurs voyages et sorties \u00e0 l\u2019\u00e9tranger sont organis\u00e9s dans diff\u00e9rents pays europ\u00e9ens : Allemagne, Pologne, Angleterre, Italie, Espagne&#8230;<\/p>\n\n\n\n<p>En 2009, le Lyc\u00e9e Pasteur a initi\u00e9 un appariement avec les Lyc\u00e9es Bismarck de Karlsruhe en Allemagne et Moro de Barlinek en Pologne. Des \u00e9changes r\u00e9guliers, au cours desquels nos \u00e9l\u00e8ves et leurs correspondants travaillent sur un projet commun intitul\u00e9 M\u00e9moire partag\u00e9e, les chemins de l\u2019exil, se d\u00e9roulent chaque ann\u00e9e.<\/p>\n\n\n\n<p>Voyage d\u2019une semaine \u00e0 Madrid en 2013 : d\u00e9couverte des monuments et de l\u2019architecture de la ville.<\/p>\n\n\n\n<p>En 2014, voyage en Italie : visite de plusieurs villes (Florence, Rome, Naples)<\/p>\n\n\n\n<p>Chaque ann\u00e9e, plusieurs classes du lyc\u00e9e effectuent un s\u00e9jour en Angleterre et visitent la City (Londres).<\/p>\n\n\n\n<p>Dans le cadre de la mobilit\u00e9, des stages en Allemagne sont en pr\u00e9paration pour les \u00e9tudiants de STS et de Bac Pro.&nbsp;<\/p>\n","protected":false},"excerpt":{"rendered":"<p>Chaque ann\u00e9e, plusieurs voyages et sorties \u00e0 l\u2019\u00e9tranger sont organis\u00e9s dans diff\u00e9rents pays europ\u00e9ens : Allemagne, Pologne, Angleterre, Italie, Espagne&#8230; En 2009, le Lyc\u00e9e Pasteur a initi\u00e9 un appariement avec les Lyc\u00e9es Bismarck de Karlsruhe en Allemagne et Moro de Barlinek en Pologne. Des \u00e9changes r\u00e9guliers, au cours desquels nos \u00e9l\u00e8ves et leurs correspondants travaillent [&hellip;]<\/p>\n","protected":false},"author":1,"featured_media":0,"parent":0,"menu_order":0,"comment_status":"closed","ping_status":"closed","template":"","meta":{"footnotes":""},"class_list":["post-62","page","type-page","status-publish","hentry"],"blocksy_meta":[],"_links":{"self":[{"href":"https:\/\/www.lycee-pasteur.fr\/index.php?rest_route=\/wp\/v2\/pages\/62","targetHints":{"allow":["GET"]}}],"collection":[{"href":"https:\/\/www.lycee-pasteur.fr\/index.php?rest_route=\/wp\/v2\/pages"}],"about":[{"href":"https:\/\/www.lycee-pasteur.fr\/index.php?rest_route=\/wp\/v2\/types\/page"}],"author":[{"embeddable":true,"href":"https:\/\/www.lycee-pasteur.fr\/index.php?rest_route=\/wp\/v2\/users\/1"}],"replies":[{"embeddable":true,"href":"https:\/\/www.lycee-pasteur.fr\/index.php?rest_route=%2Fwp%2Fv2%2Fcomments&post=62"}],"version-history":[{"count":1,"href":"https:\/\/www.lycee-pasteur.fr\/index.php?rest_route=\/wp\/v2\/pages\/62\/revisions"}],"predecessor-version":[{"id":63,"href":"https:\/\/www.lycee-pasteur.fr\/index.php?rest_route=\/wp\/v2\/pages\/62\/revisions\/63"}],"wp:attachment":[{"href":"https:\/\/www.lycee-pasteur.fr\/index.php?rest_route=%2Fwp%2Fv2%2Fmedia&parent=62"}],"curies":[{"name":"wp","href":"https:\/\/api.w.org\/{rel}","templated":true}]}}