{"id":99,"date":"2022-07-06T09:28:22","date_gmt":"2022-07-06T07:28:22","guid":{"rendered":"http:\/\/93.7.96.10\/?page_id=99"},"modified":"2022-12-15T13:31:37","modified_gmt":"2022-12-15T12:31:37","slug":"accompagnement-personnalise-en-classe-de-second","status":"publish","type":"page","link":"https:\/\/www.lycee-pasteur.fr\/?page_id=99","title":{"rendered":"Accompagnement personnalis\u00e9 en classe de seconde"},"content":{"rendered":"\r\n<figure class=\"wp-block-image alignright size-full is-resized is-style-rounded\"><img loading=\"lazy\" decoding=\"async\" class=\"wp-image-104\" src=\"http:\/\/93.7.96.10\/wp-content\/uploads\/2022\/07\/laseconde.jpg\" alt=\"\" width=\"416\" height=\"191\" srcset=\"https:\/\/www.lycee-pasteur.fr\/wp-content\/uploads\/2022\/07\/laseconde.jpg 554w, https:\/\/www.lycee-pasteur.fr\/wp-content\/uploads\/2022\/07\/laseconde-300x138.jpg 300w\" sizes=\"auto, (max-width: 416px) 100vw, 416px\" \/><\/figure>\r\n\r\n\r\n\r\n<p><strong>accompagnement personnalis\u00e9 selon les besoins des \u00e9l\u00e8ves\u00a0:<\/strong><br \/>Il est destin\u00e9 \u00e0 r\u00e9pondre plus \u00e9troitement aux besoins des \u00e9l\u00e8ves en fran\u00e7ais et math\u00e9matiques. Il peut comprendre des activit\u00e9s vari\u00e9es, en particulier : du travail et du soutien sur les m\u00e9thodes, pour aider les \u00e9l\u00e8ves \u00e0 s&rsquo;adapter aux exigences du lyc\u00e9e ; de l&rsquo;approfondissement, pour aborder certaines th\u00e9matiques de mani\u00e8re diff\u00e9rentes ou certains domaines ; de l&rsquo;aide \u00e0 l&rsquo;orientation, pour aider les \u00e9l\u00e8ves \u00e0 construire leur projet de formation.<\/p>\r\n\r\n\r\n\r\n<ul class=\"wp-block-list\">\r\n<li>pour tous les \u00e9l\u00e8ves d\u2019une division, le renforcement d\u2019apprentissages particuli\u00e8rement complexes \u00e0 un moment et \u00e0 un niveau de formation donn\u00e9s ;<\/li>\r\n<li>des travaux en groupes \u00e0 effectif r\u00e9duit ;<\/li>\r\n<li>des aides individualis\u00e9es ;<\/li>\r\n<li>ou tout autre mode de prise en charge p\u00e9dagogique susceptible de r\u00e9pondre aux besoins sp\u00e9cifiques des \u00e9l\u00e8ves.<\/li>\r\n<\/ul>\r\n","protected":false},"excerpt":{"rendered":"<p>accompagnement personnalis\u00e9 selon les besoins des \u00e9l\u00e8ves\u00a0:Il est destin\u00e9 \u00e0 r\u00e9pondre plus \u00e9troitement aux besoins des \u00e9l\u00e8ves en fran\u00e7ais et math\u00e9matiques. Il peut comprendre des activit\u00e9s vari\u00e9es, en particulier : du travail et du soutien sur les m\u00e9thodes, pour aider les \u00e9l\u00e8ves \u00e0 s&rsquo;adapter aux exigences du lyc\u00e9e ; de l&rsquo;approfondissement, pour aborder certaines th\u00e9matiques [&hellip;]<\/p>\n","protected":false},"author":1,"featured_media":0,"parent":0,"menu_order":0,"comment_status":"closed","ping_status":"closed","template":"","meta":{"footnotes":""},"class_list":["post-99","page","type-page","status-publish","hentry"],"blocksy_meta":[],"_links":{"self":[{"href":"https:\/\/www.lycee-pasteur.fr\/index.php?rest_route=\/wp\/v2\/pages\/99","targetHints":{"allow":["GET"]}}],"collection":[{"href":"https:\/\/www.lycee-pasteur.fr\/index.php?rest_route=\/wp\/v2\/pages"}],"about":[{"href":"https:\/\/www.lycee-pasteur.fr\/index.php?rest_route=\/wp\/v2\/types\/page"}],"author":[{"embeddable":true,"href":"https:\/\/www.lycee-pasteur.fr\/index.php?rest_route=\/wp\/v2\/users\/1"}],"replies":[{"embeddable":true,"href":"https:\/\/www.lycee-pasteur.fr\/index.php?rest_route=%2Fwp%2Fv2%2Fcomments&post=99"}],"version-history":[{"count":6,"href":"https:\/\/www.lycee-pasteur.fr\/index.php?rest_route=\/wp\/v2\/pages\/99\/revisions"}],"predecessor-version":[{"id":163,"href":"https:\/\/www.lycee-pasteur.fr\/index.php?rest_route=\/wp\/v2\/pages\/99\/revisions\/163"}],"wp:attachment":[{"href":"https:\/\/www.lycee-pasteur.fr\/index.php?rest_route=%2Fwp%2Fv2%2Fmedia&parent=99"}],"curies":[{"name":"wp","href":"https:\/\/api.w.org\/{rel}","templated":true}]}}